{"id":9571,"date":"2017-10-31T13:31:40","date_gmt":"2017-10-31T12:31:40","guid":{"rendered":"https:\/\/www.ibizaliving.net\/product-collection\/sin categor\u00eda\/pintura-ecologica-a-la-cal\/"},"modified":"2017-10-31T13:31:40","modified_gmt":"2017-10-31T12:31:40","slug":"ibiza-living-paint","status":"publish","type":"product","link":"https:\/\/www.ibizaliving.net\/es\/product-collection\/materiales-de-construccion\/pintura-eco-cal\/ibiza-living-paint\/","title":{"rendered":"Pintura ecol\u00f3gica a la cal"},"content":{"rendered":"<p style=\"font-weight: 400;\">El paquete contiene:<\/p>\n<p style=\"font-weight: 400;\">&#8211; Pintura de cal ecol\u00f3gica Finca Blanca de 15 litros para 60m2 de superficie<\/p>\n<p style=\"font-weight: 400;\">&#8211; Color: Blanco Esp\u00edritu<\/p>\n<p style=\"font-weight: 400;\">&#8211; Entrega gratuita en Espa\u00f1a peninsular y Baleares, env\u00edos internacionales por favor contacte con nosotros en imb@ibizaliving.net<\/p>\n<p>&nbsp;<\/p>\n<p>&nbsp;<\/p>\n<p>M\u00e1s informaci\u00f3n <strong><a href=\"https:\/\/www.ibizaliving.net\/?p=7294&amp;preview=true\">aqu\u00ed<\/a>.<\/strong><\/p>\n<span class=\"et_bloom_bottom_trigger\"><\/span>","protected":false},"excerpt":{"rendered":"<p style=\"font-weight: 400;\">Es f\u00e1cil hacerlo. Es respetuoso con la naturaleza. Es \u00aben Voque\u00bb. Es IBIZALIVING.<\/p>\n<p style=\"font-weight: 400;\">La cal ecol\u00f3gica IBIZALIVING est\u00e1 creada para pintar un estilo de amor ibicenco. Es ecol\u00f3gico, es el sentimiento bohemio de Ibiza, es fresco, es atemporal, es un \u00abmust have\u00bb con el que vivir.<\/p>\n<p style=\"font-weight: 400;\">Es perfecto para todo tipo de superficies, tanto interiores como exteriores. Es sano, transpirable, duradero y no t\u00f3xico<strong>. <\/strong> <\/p>\n<p><a href=\"https:\/\/www.ibizaliving.net\/2018\/11\/16\/ibizaliving-introduces-ecological-lime-paint-range\/\"><strong>M\u00c1S INFORMACI\u00d3N SOBRE NUESTRA PINTURA ECOL\u00d3GICA<\/strong><\/a><\/p>\n","protected":false},"featured_media":8919,"template":"","meta":{"rs_blank_template":"","rs_page_bg_color":"","slide_template_v7":""},"product_brand":[],"product_cat":[262],"product_tag":[278,285,283,284],"class_list":{"0":"post-9571","1":"product","2":"type-product","3":"status-publish","4":"has-post-thumbnail","6":"product_cat-pintura-eco-cal","7":"product_tag-carrusel-es","8":"product_tag-finca-es","9":"product_tag-interior-es","10":"product_tag-paint-es","12":"first","13":"instock","14":"shipping-taxable","15":"product-type-simple"},"yoast_head":"<!-- This site is optimized with the Yoast SEO plugin v27.2 - https:\/\/yoast.com\/product\/yoast-seo-wordpress\/ -->\n<title>Sustainable Products in IBIZA Spain. Healthy Lifestyle Architects and Sustainable Design<\/title>\n<meta name=\"description\" content=\"Sustainable Products designed bby Architects firm in IBIZA Spain. Creating sustainable design for a healthy lifestyle. Our Natural Lifestyle Architects use the principles of forms &amp; proportions, orientation &amp; energy, environment &amp; material. All projects aim to balance with their natural surroundings.\" \/>\n<meta name=\"robots\" content=\"index, follow, max-snippet:-1, max-image-preview:large, max-video-preview:-1\" \/>\n<link rel=\"canonical\" href=\"https:\/\/www.ibizaliving.net\/es\/product-collection\/materiales-de-construccion\/pintura-eco-cal\/ibiza-living-paint\/\" \/>\n<meta property=\"og:locale\" content=\"es_ES\" \/>\n<meta property=\"og:type\" content=\"article\" \/>\n<meta property=\"og:title\" content=\"Sustainable Products in IBIZA Spain. Healthy Lifestyle Architects and Sustainable Design\" \/>\n<meta property=\"og:description\" content=\"Sustainable Products designed bby Architects firm in IBIZA Spain. Creating sustainable design for a healthy lifestyle. Our Natural Lifestyle Architects use the principles of forms &amp; proportions, orientation &amp; energy, environment &amp; material. All projects aim to balance with their natural surroundings.\" \/>\n<meta property=\"og:url\" content=\"https:\/\/www.ibizaliving.net\/es\/product-collection\/materiales-de-construccion\/pintura-eco-cal\/ibiza-living-paint\/\" \/>\n<meta property=\"og:site_name\" content=\"IBIZALIVING Natural Lifestyle Architects Firm in IBIZA Spain\" \/>\n<meta property=\"og:image\" content=\"https:\/\/www.ibizaliving.net\/wp-content\/uploads\/2017\/10\/4.jpg\" \/>\n\t<meta property=\"og:image:width\" content=\"572\" \/>\n\t<meta property=\"og:image:height\" content=\"760\" \/>\n\t<meta property=\"og:image:type\" content=\"image\/jpeg\" \/>\n<meta name=\"twitter:card\" content=\"summary_large_image\" \/>\n<script type=\"application\/ld+json\" class=\"yoast-schema-graph\">{\"@context\":\"https:\/\/schema.org\",\"@graph\":[{\"@type\":\"WebPage\",\"@id\":\"https:\/\/www.ibizaliving.net\/es\/product-collection\/materiales-de-construccion\/pintura-eco-cal\/ibiza-living-paint\/\",\"url\":\"https:\/\/www.ibizaliving.net\/es\/product-collection\/materiales-de-construccion\/pintura-eco-cal\/ibiza-living-paint\/\",\"name\":\"Sustainable Products in IBIZA Spain. Healthy Lifestyle Architects and Sustainable Design\",\"isPartOf\":{\"@id\":\"https:\/\/www.ibizaliving.net\/#website\"},\"primaryImageOfPage\":{\"@id\":\"https:\/\/www.ibizaliving.net\/es\/product-collection\/materiales-de-construccion\/pintura-eco-cal\/ibiza-living-paint\/#primaryimage\"},\"image\":{\"@id\":\"https:\/\/www.ibizaliving.net\/es\/product-collection\/materiales-de-construccion\/pintura-eco-cal\/ibiza-living-paint\/#primaryimage\"},\"thumbnailUrl\":\"https:\/\/www.ibizaliving.net\/wp-content\/uploads\/2017\/10\/4.jpg\",\"datePublished\":\"2017-10-31T12:31:40+00:00\",\"description\":\"Sustainable Products designed bby Architects firm in IBIZA Spain. Creating sustainable design for a healthy lifestyle. Our Natural Lifestyle Architects use the principles of forms & proportions, orientation & energy, environment & material. All projects aim to balance with their natural surroundings.\",\"breadcrumb\":{\"@id\":\"https:\/\/www.ibizaliving.net\/es\/product-collection\/materiales-de-construccion\/pintura-eco-cal\/ibiza-living-paint\/#breadcrumb\"},\"inLanguage\":\"es\",\"potentialAction\":[{\"@type\":\"ReadAction\",\"target\":[\"https:\/\/www.ibizaliving.net\/es\/product-collection\/materiales-de-construccion\/pintura-eco-cal\/ibiza-living-paint\/\"]}]},{\"@type\":\"ImageObject\",\"inLanguage\":\"es\",\"@id\":\"https:\/\/www.ibizaliving.net\/es\/product-collection\/materiales-de-construccion\/pintura-eco-cal\/ibiza-living-paint\/#primaryimage\",\"url\":\"https:\/\/www.ibizaliving.net\/wp-content\/uploads\/2017\/10\/4.jpg\",\"contentUrl\":\"https:\/\/www.ibizaliving.net\/wp-content\/uploads\/2017\/10\/4.jpg\",\"width\":572,\"height\":760},{\"@type\":\"BreadcrumbList\",\"@id\":\"https:\/\/www.ibizaliving.net\/es\/product-collection\/materiales-de-construccion\/pintura-eco-cal\/ibiza-living-paint\/#breadcrumb\",\"itemListElement\":[{\"@type\":\"ListItem\",\"position\":1,\"name\":\"Home\",\"item\":\"https:\/\/www.ibizaliving.net\/es\/\"},{\"@type\":\"ListItem\",\"position\":2,\"name\":\"Tienda\",\"item\":\"https:\/\/www.ibizaliving.net\/es\/tienda\/\"},{\"@type\":\"ListItem\",\"position\":3,\"name\":\"Pintura ecol\u00f3gica a la cal\"}]},{\"@type\":\"WebSite\",\"@id\":\"https:\/\/www.ibizaliving.net\/#website\",\"url\":\"https:\/\/www.ibizaliving.net\/\",\"name\":\"IBIZALIVING Natural Lifestyle Architects Firm in IBIZA Spain\",\"description\":\"Nature is our home\",\"publisher\":{\"@id\":\"https:\/\/www.ibizaliving.net\/#organization\"},\"potentialAction\":[{\"@type\":\"SearchAction\",\"target\":{\"@type\":\"EntryPoint\",\"urlTemplate\":\"https:\/\/www.ibizaliving.net\/?s={search_term_string}\"},\"query-input\":{\"@type\":\"PropertyValueSpecification\",\"valueRequired\":true,\"valueName\":\"search_term_string\"}}],\"inLanguage\":\"es\"},{\"@type\":\"Organization\",\"@id\":\"https:\/\/www.ibizaliving.net\/#organization\",\"name\":\"IBIZALIVING\",\"url\":\"https:\/\/www.ibizaliving.net\/\",\"logo\":{\"@type\":\"ImageObject\",\"inLanguage\":\"es\",\"@id\":\"https:\/\/www.ibizaliving.net\/#\/schema\/logo\/image\/\",\"url\":\"https:\/\/www.ibizaliving.net\/wp-content\/uploads\/2019\/11\/Logo-Ibizaliving-300-2.png\",\"contentUrl\":\"https:\/\/www.ibizaliving.net\/wp-content\/uploads\/2019\/11\/Logo-Ibizaliving-300-2.png\",\"width\":300,\"height\":130,\"caption\":\"IBIZALIVING\"},\"image\":{\"@id\":\"https:\/\/www.ibizaliving.net\/#\/schema\/logo\/image\/\"}}]}<\/script>\n<!-- \/ Yoast SEO plugin. -->","yoast_head_json":{"title":"Sustainable Products in IBIZA Spain. Healthy Lifestyle Architects and Sustainable Design","description":"Sustainable Products designed bby Architects firm in IBIZA Spain. Creating sustainable design for a healthy lifestyle. Our Natural Lifestyle Architects use the principles of forms & proportions, orientation & energy, environment & material. All projects aim to balance with their natural surroundings.","robots":{"index":"index","follow":"follow","max-snippet":"max-snippet:-1","max-image-preview":"max-image-preview:large","max-video-preview":"max-video-preview:-1"},"canonical":"https:\/\/www.ibizaliving.net\/es\/product-collection\/materiales-de-construccion\/pintura-eco-cal\/ibiza-living-paint\/","og_locale":"es_ES","og_type":"article","og_title":"Sustainable Products in IBIZA Spain. Healthy Lifestyle Architects and Sustainable Design","og_description":"Sustainable Products designed bby Architects firm in IBIZA Spain. Creating sustainable design for a healthy lifestyle. Our Natural Lifestyle Architects use the principles of forms & proportions, orientation & energy, environment & material. All projects aim to balance with their natural surroundings.","og_url":"https:\/\/www.ibizaliving.net\/es\/product-collection\/materiales-de-construccion\/pintura-eco-cal\/ibiza-living-paint\/","og_site_name":"IBIZALIVING Natural Lifestyle Architects Firm in IBIZA Spain","og_image":[{"width":572,"height":760,"url":"https:\/\/www.ibizaliving.net\/wp-content\/uploads\/2017\/10\/4.jpg","type":"image\/jpeg"}],"twitter_card":"summary_large_image","schema":{"@context":"https:\/\/schema.org","@graph":[{"@type":"WebPage","@id":"https:\/\/www.ibizaliving.net\/es\/product-collection\/materiales-de-construccion\/pintura-eco-cal\/ibiza-living-paint\/","url":"https:\/\/www.ibizaliving.net\/es\/product-collection\/materiales-de-construccion\/pintura-eco-cal\/ibiza-living-paint\/","name":"Sustainable Products in IBIZA Spain. Healthy Lifestyle Architects and Sustainable Design","isPartOf":{"@id":"https:\/\/www.ibizaliving.net\/#website"},"primaryImageOfPage":{"@id":"https:\/\/www.ibizaliving.net\/es\/product-collection\/materiales-de-construccion\/pintura-eco-cal\/ibiza-living-paint\/#primaryimage"},"image":{"@id":"https:\/\/www.ibizaliving.net\/es\/product-collection\/materiales-de-construccion\/pintura-eco-cal\/ibiza-living-paint\/#primaryimage"},"thumbnailUrl":"https:\/\/www.ibizaliving.net\/wp-content\/uploads\/2017\/10\/4.jpg","datePublished":"2017-10-31T12:31:40+00:00","description":"Sustainable Products designed bby Architects firm in IBIZA Spain. Creating sustainable design for a healthy lifestyle. Our Natural Lifestyle Architects use the principles of forms & proportions, orientation & energy, environment & material. All projects aim to balance with their natural surroundings.","breadcrumb":{"@id":"https:\/\/www.ibizaliving.net\/es\/product-collection\/materiales-de-construccion\/pintura-eco-cal\/ibiza-living-paint\/#breadcrumb"},"inLanguage":"es","potentialAction":[{"@type":"ReadAction","target":["https:\/\/www.ibizaliving.net\/es\/product-collection\/materiales-de-construccion\/pintura-eco-cal\/ibiza-living-paint\/"]}]},{"@type":"ImageObject","inLanguage":"es","@id":"https:\/\/www.ibizaliving.net\/es\/product-collection\/materiales-de-construccion\/pintura-eco-cal\/ibiza-living-paint\/#primaryimage","url":"https:\/\/www.ibizaliving.net\/wp-content\/uploads\/2017\/10\/4.jpg","contentUrl":"https:\/\/www.ibizaliving.net\/wp-content\/uploads\/2017\/10\/4.jpg","width":572,"height":760},{"@type":"BreadcrumbList","@id":"https:\/\/www.ibizaliving.net\/es\/product-collection\/materiales-de-construccion\/pintura-eco-cal\/ibiza-living-paint\/#breadcrumb","itemListElement":[{"@type":"ListItem","position":1,"name":"Home","item":"https:\/\/www.ibizaliving.net\/es\/"},{"@type":"ListItem","position":2,"name":"Tienda","item":"https:\/\/www.ibizaliving.net\/es\/tienda\/"},{"@type":"ListItem","position":3,"name":"Pintura ecol\u00f3gica a la cal"}]},{"@type":"WebSite","@id":"https:\/\/www.ibizaliving.net\/#website","url":"https:\/\/www.ibizaliving.net\/","name":"IBIZALIVING Natural Lifestyle Architects Firm in IBIZA Spain","description":"Nature is our home","publisher":{"@id":"https:\/\/www.ibizaliving.net\/#organization"},"potentialAction":[{"@type":"SearchAction","target":{"@type":"EntryPoint","urlTemplate":"https:\/\/www.ibizaliving.net\/?s={search_term_string}"},"query-input":{"@type":"PropertyValueSpecification","valueRequired":true,"valueName":"search_term_string"}}],"inLanguage":"es"},{"@type":"Organization","@id":"https:\/\/www.ibizaliving.net\/#organization","name":"IBIZALIVING","url":"https:\/\/www.ibizaliving.net\/","logo":{"@type":"ImageObject","inLanguage":"es","@id":"https:\/\/www.ibizaliving.net\/#\/schema\/logo\/image\/","url":"https:\/\/www.ibizaliving.net\/wp-content\/uploads\/2019\/11\/Logo-Ibizaliving-300-2.png","contentUrl":"https:\/\/www.ibizaliving.net\/wp-content\/uploads\/2019\/11\/Logo-Ibizaliving-300-2.png","width":300,"height":130,"caption":"IBIZALIVING"},"image":{"@id":"https:\/\/www.ibizaliving.net\/#\/schema\/logo\/image\/"}}]}},"_links":{"self":[{"href":"https:\/\/www.ibizaliving.net\/es\/wp-json\/wp\/v2\/product\/9571","targetHints":{"allow":["GET"]}}],"collection":[{"href":"https:\/\/www.ibizaliving.net\/es\/wp-json\/wp\/v2\/product"}],"about":[{"href":"https:\/\/www.ibizaliving.net\/es\/wp-json\/wp\/v2\/types\/product"}],"wp:featuredmedia":[{"embeddable":true,"href":"https:\/\/www.ibizaliving.net\/es\/wp-json\/wp\/v2\/media\/8919"}],"wp:attachment":[{"href":"https:\/\/www.ibizaliving.net\/es\/wp-json\/wp\/v2\/media?parent=9571"}],"wp:term":[{"taxonomy":"product_brand","embeddable":true,"href":"https:\/\/www.ibizaliving.net\/es\/wp-json\/wp\/v2\/product_brand?post=9571"},{"taxonomy":"product_cat","embeddable":true,"href":"https:\/\/www.ibizaliving.net\/es\/wp-json\/wp\/v2\/product_cat?post=9571"},{"taxonomy":"product_tag","embeddable":true,"href":"https:\/\/www.ibizaliving.net\/es\/wp-json\/wp\/v2\/product_tag?post=9571"}],"curies":[{"name":"wp","href":"https:\/\/api.w.org\/{rel}","templated":true}]}}