{"id":9512,"date":"2018-09-08T18:49:06","date_gmt":"2018-09-08T16:49:06","guid":{"rendered":"https:\/\/www.ibizaliving.net\/periodico\/"},"modified":"2023-11-10T10:26:10","modified_gmt":"2023-11-10T09:26:10","slug":"periodico","status":"publish","type":"page","link":"https:\/\/www.ibizaliving.net\/es\/periodico\/","title":{"rendered":"PERI\u00d3DICO"},"content":{"rendered":"<div class=\"wpb-content-wrapper\"><p>[vc_row content_placement=\u00bbtop\u00bb css_animation=\u00bbfadeIn\u00bb css=\u00bb.vc_custom_1573928163365{margin-top: 120px !important;}\u00bb][vc_column][vc_single_image image=\u00bb7075&#8243; img_size=\u00bbfull\u00bb css_animation=\u00bbfadeIn\u00bb][\/vc_column][\/vc_row][vc_row content_placement=\u00bbtop\u00bb css_animation=\u00bbfadeIn\u00bb css=\u00bb.vc_custom_1576601826770{margin-bottom: 30px !important;}\u00bb][vc_column][vc_column_text]<\/p>\n<h3 style=\"text-align: center;\">\u00abCuando te dicen &#8216;no puedes cambiar el mundo&#8217;, es porque ya lo est\u00e1s haciendo\u00bb. Rodolfo Peon<\/h3>\n<p>[\/vc_column_text][\/vc_column][\/vc_row][vc_row full_height=\u00bbyes\u00bb][vc_column css=\u00bb.vc_custom_1574333246706{margin-right: 25px !important;margin-left: 25px !important;}\u00bb][vc_empty_space height=\u00bb25px\u00bb]<div class=\"edgtf-blog-list-holder edgtf-bl-masonry edgtf-bl-five-columns edgtf-normal-space edgtf-bl-pag-no-pagination \"  data-type=masonry data-number-of-posts=-1 data-number-of-columns=5 data-space-between-items=normal data-orderby=date data-order=DESC data-image-size=aalto_edge_square data-title-tag=h4 data-title-transform=capitalize data-excerpt-length=0 data-post-info-section=yes data-post-info-image=yes data-post-info-author=no data-post-info-date=no data-post-info-category=yes data-post-info-comments=no data-post-info-like=no data-post-info-share=no data-pagination-type=no-pagination data-show-info-on-appear=yes data-enable-parallax-animation=yes data-max-num-pages=0 data-next-page=2>\n\t<div class=\"edgtf-bl-wrapper edgtf-outer-space\">\n\t\t<ul class=\"edgtf-blog-list\">\n\t\t\t<div class=\"edgtf-bl-grid-sizer\"><\/div>\n\t\t\t<div class=\"edgtf-bl-grid-gutter\"><\/div>\n\t\t\t<p class=\"edgtf-blog-no-posts\">Sorry, no posts matched your criteria.<\/p>\t\t<\/ul>\n\t<\/div>\n\t<\/div>[vc_empty_space height=\u00bb25px\u00bb][\/vc_column][\/vc_row]<\/p>\n<\/div><span class=\"et_bloom_bottom_trigger\"><\/span>","protected":false},"excerpt":{"rendered":"<p> [&hellip;]<\/p>\n","protected":false},"author":8,"featured_media":9177,"parent":0,"menu_order":0,"comment_status":"closed","ping_status":"closed","template":"full-width.php","meta":{"rs_blank_template":"","rs_page_bg_color":"","slide_template_v7":"","footnotes":""},"class_list":["post-9512","page","type-page","status-publish","has-post-thumbnail","hentry"],"yoast_head":"<!-- This site is optimized with the Yoast SEO plugin v27.2 - https:\/\/yoast.com\/product\/yoast-seo-wordpress\/ -->\n<title>Estilo de Vida Saludable Blogs de Estudio de Arquitectos sobre Arquitectura Dise\u00f1o Casa en IBIZA Espa\u00f1a<\/title>\n<meta name=\"description\" content=\"Compartiendo Blogs de Estilo de Vida Saludable de la Firma de Arquitectos sobre art\u00edculos de Arquitectura Dise\u00f1o Casa en y vivir en IBIZA Espa\u00f1a con todo lo que tiene que ofrecer a los interesados en un estilo de vida saludable.\" \/>\n<meta name=\"robots\" content=\"index, follow, max-snippet:-1, max-image-preview:large, max-video-preview:-1\" \/>\n<link rel=\"canonical\" href=\"https:\/\/www.ibizaliving.net\/blog\/\" \/>\n<meta property=\"og:locale\" content=\"es_ES\" \/>\n<meta property=\"og:type\" content=\"article\" \/>\n<meta property=\"og:title\" content=\"Estilo de Vida Saludable Blogs de Estudio de Arquitectos sobre Arquitectura Dise\u00f1o Casa en IBIZA Espa\u00f1a\" \/>\n<meta property=\"og:description\" content=\"Compartiendo Blogs de Estilo de Vida Saludable de la Firma de Arquitectos sobre art\u00edculos de Arquitectura Dise\u00f1o Casa en y vivir en IBIZA Espa\u00f1a con todo lo que tiene que ofrecer a los interesados en un estilo de vida saludable.\" \/>\n<meta property=\"og:url\" content=\"https:\/\/www.ibizaliving.net\/blog\/\" \/>\n<meta property=\"og:site_name\" content=\"IBIZALIVING Natural Lifestyle Architects Firm in IBIZA Spain\" \/>\n<meta property=\"article:modified_time\" content=\"2023-11-10T09:26:10+00:00\" \/>\n<meta property=\"og:image\" content=\"https:\/\/www.ibizaliving.net\/wp-content\/uploads\/2019\/12\/social-share-journal.jpg\" \/>\n\t<meta property=\"og:image:width\" content=\"1200\" \/>\n\t<meta property=\"og:image:height\" content=\"628\" \/>\n\t<meta property=\"og:image:type\" content=\"image\/jpeg\" \/>\n<meta name=\"twitter:card\" content=\"summary_large_image\" \/>\n<meta name=\"twitter:label1\" content=\"Tiempo de lectura\" \/>\n\t<meta name=\"twitter:data1\" content=\"1 minuto\" \/>\n<script type=\"application\/ld+json\" class=\"yoast-schema-graph\">{\"@context\":\"https:\/\/schema.org\",\"@graph\":[{\"@type\":\"WebPage\",\"@id\":\"https:\/\/www.ibizaliving.net\/blog\/\",\"url\":\"https:\/\/www.ibizaliving.net\/blog\/\",\"name\":\"Estilo de Vida Saludable Blogs de Estudio de Arquitectos sobre Arquitectura Dise\u00f1o Casa en IBIZA Espa\u00f1a\",\"isPartOf\":{\"@id\":\"https:\/\/www.ibizaliving.net\/#website\"},\"primaryImageOfPage\":{\"@id\":\"https:\/\/www.ibizaliving.net\/blog\/#primaryimage\"},\"image\":{\"@id\":\"https:\/\/www.ibizaliving.net\/blog\/#primaryimage\"},\"thumbnailUrl\":\"https:\/\/www.ibizaliving.net\/wp-content\/uploads\/2019\/12\/social-share-journal.jpg\",\"datePublished\":\"2018-09-08T16:49:06+00:00\",\"dateModified\":\"2023-11-10T09:26:10+00:00\",\"description\":\"Compartiendo Blogs de Estilo de Vida Saludable de la Firma de Arquitectos sobre art\u00edculos de Arquitectura Dise\u00f1o Casa en y vivir en IBIZA Espa\u00f1a con todo lo que tiene que ofrecer a los interesados en un estilo de vida saludable.\",\"breadcrumb\":{\"@id\":\"https:\/\/www.ibizaliving.net\/blog\/#breadcrumb\"},\"inLanguage\":\"es\",\"potentialAction\":[{\"@type\":\"ReadAction\",\"target\":[\"https:\/\/www.ibizaliving.net\/blog\/\"]}]},{\"@type\":\"ImageObject\",\"inLanguage\":\"es\",\"@id\":\"https:\/\/www.ibizaliving.net\/blog\/#primaryimage\",\"url\":\"https:\/\/www.ibizaliving.net\/wp-content\/uploads\/2019\/12\/social-share-journal.jpg\",\"contentUrl\":\"https:\/\/www.ibizaliving.net\/wp-content\/uploads\/2019\/12\/social-share-journal.jpg\",\"width\":1200,\"height\":628},{\"@type\":\"BreadcrumbList\",\"@id\":\"https:\/\/www.ibizaliving.net\/blog\/#breadcrumb\",\"itemListElement\":[{\"@type\":\"ListItem\",\"position\":1,\"name\":\"Home\",\"item\":\"https:\/\/www.ibizaliving.net\/es\/\"},{\"@type\":\"ListItem\",\"position\":2,\"name\":\"PERI\u00d3DICO\"}]},{\"@type\":\"WebSite\",\"@id\":\"https:\/\/www.ibizaliving.net\/#website\",\"url\":\"https:\/\/www.ibizaliving.net\/\",\"name\":\"IBIZALIVING Natural Lifestyle Architects Firm in IBIZA Spain\",\"description\":\"Nature is our home\",\"publisher\":{\"@id\":\"https:\/\/www.ibizaliving.net\/#organization\"},\"potentialAction\":[{\"@type\":\"SearchAction\",\"target\":{\"@type\":\"EntryPoint\",\"urlTemplate\":\"https:\/\/www.ibizaliving.net\/?s={search_term_string}\"},\"query-input\":{\"@type\":\"PropertyValueSpecification\",\"valueRequired\":true,\"valueName\":\"search_term_string\"}}],\"inLanguage\":\"es\"},{\"@type\":\"Organization\",\"@id\":\"https:\/\/www.ibizaliving.net\/#organization\",\"name\":\"IBIZALIVING\",\"url\":\"https:\/\/www.ibizaliving.net\/\",\"logo\":{\"@type\":\"ImageObject\",\"inLanguage\":\"es\",\"@id\":\"https:\/\/www.ibizaliving.net\/#\/schema\/logo\/image\/\",\"url\":\"https:\/\/www.ibizaliving.net\/wp-content\/uploads\/2019\/11\/Logo-Ibizaliving-300-2.png\",\"contentUrl\":\"https:\/\/www.ibizaliving.net\/wp-content\/uploads\/2019\/11\/Logo-Ibizaliving-300-2.png\",\"width\":300,\"height\":130,\"caption\":\"IBIZALIVING\"},\"image\":{\"@id\":\"https:\/\/www.ibizaliving.net\/#\/schema\/logo\/image\/\"}}]}<\/script>\n<!-- \/ Yoast SEO plugin. -->","yoast_head_json":{"title":"Estilo de Vida Saludable Blogs de Estudio de Arquitectos sobre Arquitectura Dise\u00f1o Casa en IBIZA Espa\u00f1a","description":"Compartiendo Blogs de Estilo de Vida Saludable de la Firma de Arquitectos sobre art\u00edculos de Arquitectura Dise\u00f1o Casa en y vivir en IBIZA Espa\u00f1a con todo lo que tiene que ofrecer a los interesados en un estilo de vida saludable.","robots":{"index":"index","follow":"follow","max-snippet":"max-snippet:-1","max-image-preview":"max-image-preview:large","max-video-preview":"max-video-preview:-1"},"canonical":"https:\/\/www.ibizaliving.net\/blog\/","og_locale":"es_ES","og_type":"article","og_title":"Estilo de Vida Saludable Blogs de Estudio de Arquitectos sobre Arquitectura Dise\u00f1o Casa en IBIZA Espa\u00f1a","og_description":"Compartiendo Blogs de Estilo de Vida Saludable de la Firma de Arquitectos sobre art\u00edculos de Arquitectura Dise\u00f1o Casa en y vivir en IBIZA Espa\u00f1a con todo lo que tiene que ofrecer a los interesados en un estilo de vida saludable.","og_url":"https:\/\/www.ibizaliving.net\/blog\/","og_site_name":"IBIZALIVING Natural Lifestyle Architects Firm in IBIZA Spain","article_modified_time":"2023-11-10T09:26:10+00:00","og_image":[{"width":1200,"height":628,"url":"https:\/\/www.ibizaliving.net\/wp-content\/uploads\/2019\/12\/social-share-journal.jpg","type":"image\/jpeg"}],"twitter_card":"summary_large_image","twitter_misc":{"Tiempo de lectura":"1 minuto"},"schema":{"@context":"https:\/\/schema.org","@graph":[{"@type":"WebPage","@id":"https:\/\/www.ibizaliving.net\/blog\/","url":"https:\/\/www.ibizaliving.net\/blog\/","name":"Estilo de Vida Saludable Blogs de Estudio de Arquitectos sobre Arquitectura Dise\u00f1o Casa en IBIZA Espa\u00f1a","isPartOf":{"@id":"https:\/\/www.ibizaliving.net\/#website"},"primaryImageOfPage":{"@id":"https:\/\/www.ibizaliving.net\/blog\/#primaryimage"},"image":{"@id":"https:\/\/www.ibizaliving.net\/blog\/#primaryimage"},"thumbnailUrl":"https:\/\/www.ibizaliving.net\/wp-content\/uploads\/2019\/12\/social-share-journal.jpg","datePublished":"2018-09-08T16:49:06+00:00","dateModified":"2023-11-10T09:26:10+00:00","description":"Compartiendo Blogs de Estilo de Vida Saludable de la Firma de Arquitectos sobre art\u00edculos de Arquitectura Dise\u00f1o Casa en y vivir en IBIZA Espa\u00f1a con todo lo que tiene que ofrecer a los interesados en un estilo de vida saludable.","breadcrumb":{"@id":"https:\/\/www.ibizaliving.net\/blog\/#breadcrumb"},"inLanguage":"es","potentialAction":[{"@type":"ReadAction","target":["https:\/\/www.ibizaliving.net\/blog\/"]}]},{"@type":"ImageObject","inLanguage":"es","@id":"https:\/\/www.ibizaliving.net\/blog\/#primaryimage","url":"https:\/\/www.ibizaliving.net\/wp-content\/uploads\/2019\/12\/social-share-journal.jpg","contentUrl":"https:\/\/www.ibizaliving.net\/wp-content\/uploads\/2019\/12\/social-share-journal.jpg","width":1200,"height":628},{"@type":"BreadcrumbList","@id":"https:\/\/www.ibizaliving.net\/blog\/#breadcrumb","itemListElement":[{"@type":"ListItem","position":1,"name":"Home","item":"https:\/\/www.ibizaliving.net\/es\/"},{"@type":"ListItem","position":2,"name":"PERI\u00d3DICO"}]},{"@type":"WebSite","@id":"https:\/\/www.ibizaliving.net\/#website","url":"https:\/\/www.ibizaliving.net\/","name":"IBIZALIVING Natural Lifestyle Architects Firm in IBIZA Spain","description":"Nature is our home","publisher":{"@id":"https:\/\/www.ibizaliving.net\/#organization"},"potentialAction":[{"@type":"SearchAction","target":{"@type":"EntryPoint","urlTemplate":"https:\/\/www.ibizaliving.net\/?s={search_term_string}"},"query-input":{"@type":"PropertyValueSpecification","valueRequired":true,"valueName":"search_term_string"}}],"inLanguage":"es"},{"@type":"Organization","@id":"https:\/\/www.ibizaliving.net\/#organization","name":"IBIZALIVING","url":"https:\/\/www.ibizaliving.net\/","logo":{"@type":"ImageObject","inLanguage":"es","@id":"https:\/\/www.ibizaliving.net\/#\/schema\/logo\/image\/","url":"https:\/\/www.ibizaliving.net\/wp-content\/uploads\/2019\/11\/Logo-Ibizaliving-300-2.png","contentUrl":"https:\/\/www.ibizaliving.net\/wp-content\/uploads\/2019\/11\/Logo-Ibizaliving-300-2.png","width":300,"height":130,"caption":"IBIZALIVING"},"image":{"@id":"https:\/\/www.ibizaliving.net\/#\/schema\/logo\/image\/"}}]}},"_links":{"self":[{"href":"https:\/\/www.ibizaliving.net\/es\/wp-json\/wp\/v2\/pages\/9512","targetHints":{"allow":["GET"]}}],"collection":[{"href":"https:\/\/www.ibizaliving.net\/es\/wp-json\/wp\/v2\/pages"}],"about":[{"href":"https:\/\/www.ibizaliving.net\/es\/wp-json\/wp\/v2\/types\/page"}],"author":[{"embeddable":true,"href":"https:\/\/www.ibizaliving.net\/es\/wp-json\/wp\/v2\/users\/8"}],"replies":[{"embeddable":true,"href":"https:\/\/www.ibizaliving.net\/es\/wp-json\/wp\/v2\/comments?post=9512"}],"version-history":[{"count":2,"href":"https:\/\/www.ibizaliving.net\/es\/wp-json\/wp\/v2\/pages\/9512\/revisions"}],"predecessor-version":[{"id":9514,"href":"https:\/\/www.ibizaliving.net\/es\/wp-json\/wp\/v2\/pages\/9512\/revisions\/9514"}],"wp:featuredmedia":[{"embeddable":true,"href":"https:\/\/www.ibizaliving.net\/es\/wp-json\/wp\/v2\/media\/9177"}],"wp:attachment":[{"href":"https:\/\/www.ibizaliving.net\/es\/wp-json\/wp\/v2\/media?parent=9512"}],"curies":[{"name":"wp","href":"https:\/\/api.w.org\/{rel}","templated":true}]}}