{"id":9509,"date":"2018-10-11T07:55:33","date_gmt":"2018-10-11T05:55:33","guid":{"rendered":"https:\/\/www.ibizaliving.net\/contacto\/"},"modified":"2023-11-10T10:24:38","modified_gmt":"2023-11-10T09:24:38","slug":"contacto","status":"publish","type":"page","link":"https:\/\/www.ibizaliving.net\/es\/contacto\/","title":{"rendered":"CONTACTO"},"content":{"rendered":"<div class=\"wpb-content-wrapper\"><p>[vc_row content_placement=\u00bbtop\u00bb css_animation=\u00bbfadeIn\u00bb][vc_column][vc_single_image image=\u00bb6755&#8243; img_size=\u00bbfull\u00bb alignment=\u00bbcenter\u00bb css_animation=\u00bbfadeIn\u00bb css=\u00bb.vc_custom_1573927368830{margin-top: 100px !important;}\u00bb][\/vc_column][\/vc_row][vc_row content_placement=\u00bbtop\u00bb css_animation=\u00bbfadeIn\u00bb][vc_column][vc_column_text]<\/p>\n<h3 style=\"text-align: center;\">\u00abMira en lo profundo de la naturaleza, y entonces entender\u00e1s todo mejor\u00bb. Albert Einstein<\/h3>\n<p>[\/vc_column_text][\/vc_column][\/vc_row][vc_row css=\u00bb.vc_custom_1573927886506{margin-top: 30px !important;margin-right: 25px !important;margin-left: 25px !important;}\u00bb][vc_column width=\u00bb1\/6&#8243;][\/vc_column][vc_column width=\u00bb2\/3&#8243;][vc_column_text]<\/p>\n<p style=\"text-align: center;\"><strong>Para m\u00e1s informaci\u00f3n, p\u00f3ngase en contacto con nosotros<\/strong><\/p>\n<p>[\/vc_column_text][vc_empty_space height=\u00bb15px\u00bb][vc_separator color=\u00bbcustom\u00bb accent_color=\u00bb#939393&#8243;][vc_empty_space height=\u00bb25px\u00bb][vc_row_inner][vc_column_inner width=\u00bb1\/3&#8243;]<div class=\"edgtf-section-title-holder  edgtf-st-standard  edgtf-st-position-left edgtf-appear-fx\" >\n\t\t<div class=\"edgtf-st-inner\">\n                    <div class=\"edgtf-st-title-holder\">\n                <h5 class=\"edgtf-st-title\" >\n                    Architecture &amp; Building                <\/h5>\n            <\/div>\n\t\t\t\t\t<\/div>\n    <\/div>[vc_empty_space height=\u00bb15px\u00bb][vc_column_text]C\/.San Vicente 16,2\u00ba<br \/>\n07840 Sta.Eulalia del Rio<br \/>\nIbiza Baleares Espa\u00f1a<\/p>\n<p>Tel\u00e9fono: +34 971 332 911<br \/>\nEmail: <a href=\"mailto:arq@ibizaliving.net\" target=\"_top\" rel=\"noopener noreferrer\">arq@ibizaliving.net<\/a>[\/vc_column_text][\/vc_column_inner][vc_column_inner width=\u00bb1\/3&#8243;]<div class=\"edgtf-section-title-holder  edgtf-st-standard  edgtf-st-position-left edgtf-appear-fx\" >\n\t\t<div class=\"edgtf-st-inner\">\n                    <div class=\"edgtf-st-title-holder\">\n                <h5 class=\"edgtf-st-title\" >\n                    Exclusive Fincas &amp; House Management                <\/h5>\n            <\/div>\n\t\t\t\t\t<\/div>\n    <\/div>[vc_empty_space height=\u00bb15px\u00bb][vc_column_text]C\/.San Vicente 16,2\u00ba<br \/>\n07840 Sta.Eulalia del Rio<br \/>\nIbiza Baleares Espa\u00f1a<\/p>\n<p>Tel\u00e9fono: +34 971 332 911<br \/>\nM\u00f3vil: +34 678 701 807<br \/>\nEmail: <a href=\"mailto:imb@ibizaliving.net\" target=\"_top\" rel=\"noopener noreferrer\">imb@ibizaliving.net<\/a>[\/vc_column_text][\/vc_column_inner][vc_column_inner width=\u00bb1\/3&#8243;]<div class=\"edgtf-section-title-holder  edgtf-st-standard  edgtf-st-position-left edgtf-appear-fx\" >\n\t\t<div class=\"edgtf-st-inner\">\n                    <div class=\"edgtf-st-title-holder\">\n                <h5 class=\"edgtf-st-title\" >\n                    Showroom                <\/h5>\n            <\/div>\n\t\t\t\t\t<\/div>\n    <\/div>[vc_empty_space height=\u00bb15px\u00bb][vc_column_text]C\/. Sant Josep 16<br \/>\n07840 Sta.Eulalia del Rio<br \/>\nIbiza Baleares Espa\u00f1a<\/p>\n<p>Tel\u00e9fono: +34 971 338 633<br \/>\nEmail: <a href=\"mailto:shop@ibizaliving.net\" target=\"_top\" rel=\"noopener noreferrer\">shop@ibizaliving.net<\/a>[\/vc_column_text][\/vc_column_inner][\/vc_row_inner][\/vc_column][vc_column width=\u00bb1\/6&#8243;][\/vc_column][\/vc_row][vc_row][vc_column][vc_empty_space][vc_gmaps link=\u00bb#E-8_JTNDaWZyYW1lJTIwc3JjJTNEJTIyaHR0cHMlM0ElMkYlMkZ3d3cuZ29vZ2xlLmNvbSUyRm1hcHMlMkZlbWJlZCUzRnBiJTNEJTIxMW0xOCUyMTFtMTIlMjExbTMlMjExZDMxMDEuMzI4Njk4Njg5MjcxMyUyMTJkMS41MzA2NjUzMTU2MjE3NDg1JTIxM2QzOC45ODQ5OTM5NDkzODA2MiUyMTJtMyUyMTFmMCUyMTJmMCUyMTNmMCUyMTNtMiUyMTFpMTAyNCUyMTJpNzY4JTIxNGYxMy4xJTIxM20zJTIxMW0yJTIxMXMweDEyOTkxNTRmMDRkOWQ4OTUlMjUzQTB4OTY3NWZmMzhhYjlmMTMyMSUyMTJzSUJJWkFMSVZJTkclMjUyMG5hdHVyYWwlMjUyMGRlc2lnbiUyNTIwJTI1MjYlMjUyMGFyY2hpdGVjdHVyZSUyNTIwZnJvbSUyNTIwSWJpemElMjE1ZTAlMjEzbTIlMjExc2VuJTIxMnNlcyUyMTR2MTU2ODc3NDYyMzA5MCUyMTVtMiUyMTFzZW4lMjEyc2VzJTIyJTIwd2lkdGglM0QlMjI2MDAlMjIlMjBoZWlnaHQlM0QlMjI0NTAlMjIlMjBmcmFtZWJvcmRlciUzRCUyMjAlMjIlMjBzdHlsZSUzRCUyMmJvcmRlciUzQTAlM0IlMjIlMjBhbGxvd2Z1bGxzY3JlZW4lM0QlMjIlMjIlM0UlM0MlMkZpZnJhbWUlM0U=\u00bb size=\u00bb600&#8243; css_animation=\u00bbnone\u00bb title=\u00bb:: Ubicaci\u00f3n de la oficina\u00bb][\/vc_column][\/vc_row]<\/p>\n<\/div><span class=\"et_bloom_bottom_trigger\"><\/span>","protected":false},"excerpt":{"rendered":"<p> [&hellip;]<\/p>\n","protected":false},"author":9,"featured_media":9068,"parent":0,"menu_order":0,"comment_status":"closed","ping_status":"closed","template":"full-width.php","meta":{"rs_blank_template":"","rs_page_bg_color":"","slide_template_v7":"","footnotes":""},"class_list":["post-9509","page","type-page","status-publish","has-post-thumbnail","hentry"],"yoast_head":"<!-- This site is optimized with the Yoast SEO plugin v27.3 - https:\/\/yoast.com\/product\/yoast-seo-wordpress\/ -->\n<title>Contacte con nuestro Estudio de Arquitectos en IBIZA Espa\u00f1a - Dise\u00f1o de Arquitectura - Arquitectos Estilo de Vida Saludable<\/title>\n<meta name=\"description\" content=\"Contacta con nuestro Estudio de Arquitectos Healthy Lifestyle en IBIZA Espa\u00f1a sobre Arquitectura Dise\u00f1o hogar. Utilizamos los principios de dise\u00f1o arquitect\u00f3nico de formas y proporciones, orientaci\u00f3n y energ\u00eda, entorno y materiales. Todos los proyectos buscan el equilibrio con su entorno natural.\" \/>\n<meta name=\"robots\" content=\"index, follow, max-snippet:-1, max-image-preview:large, max-video-preview:-1\" \/>\n<link rel=\"canonical\" href=\"https:\/\/www.ibizaliving.net\/contact\/\" \/>\n<meta property=\"og:locale\" content=\"es_ES\" \/>\n<meta property=\"og:type\" content=\"article\" \/>\n<meta property=\"og:title\" content=\"Contacte con nuestro Estudio de Arquitectos en IBIZA Espa\u00f1a - Dise\u00f1o de Arquitectura - Arquitectos Estilo de Vida Saludable\" \/>\n<meta property=\"og:description\" content=\"Contacta con nuestro Estudio de Arquitectos Healthy Lifestyle en IBIZA Espa\u00f1a sobre Arquitectura Dise\u00f1o hogar. Utilizamos los principios de dise\u00f1o arquitect\u00f3nico de formas y proporciones, orientaci\u00f3n y energ\u00eda, entorno y materiales. Todos los proyectos buscan el equilibrio con su entorno natural.\" \/>\n<meta property=\"og:url\" content=\"https:\/\/www.ibizaliving.net\/contact\/\" \/>\n<meta property=\"og:site_name\" content=\"IBIZALIVING Natural Lifestyle Architects Firm in IBIZA Spain\" \/>\n<meta property=\"article:modified_time\" content=\"2023-11-10T09:24:38+00:00\" \/>\n<meta property=\"og:image\" content=\"https:\/\/www.ibizaliving.net\/wp-content\/uploads\/2019\/11\/social-share-contact.jpg\" \/>\n\t<meta property=\"og:image:width\" content=\"1200\" \/>\n\t<meta property=\"og:image:height\" content=\"628\" \/>\n\t<meta property=\"og:image:type\" content=\"image\/jpeg\" \/>\n<meta name=\"twitter:card\" content=\"summary_large_image\" \/>\n<meta name=\"twitter:label1\" content=\"Tiempo de lectura\" \/>\n\t<meta name=\"twitter:data1\" content=\"2 minutos\" \/>\n<script type=\"application\/ld+json\" class=\"yoast-schema-graph\">{\"@context\":\"https:\\\/\\\/schema.org\",\"@graph\":[{\"@type\":\"WebPage\",\"@id\":\"https:\\\/\\\/www.ibizaliving.net\\\/contact\\\/\",\"url\":\"https:\\\/\\\/www.ibizaliving.net\\\/contact\\\/\",\"name\":\"Contacte con nuestro Estudio de Arquitectos en IBIZA Espa\u00f1a - Dise\u00f1o de Arquitectura - Arquitectos Estilo de Vida Saludable\",\"isPartOf\":{\"@id\":\"https:\\\/\\\/www.ibizaliving.net\\\/#website\"},\"primaryImageOfPage\":{\"@id\":\"https:\\\/\\\/www.ibizaliving.net\\\/contact\\\/#primaryimage\"},\"image\":{\"@id\":\"https:\\\/\\\/www.ibizaliving.net\\\/contact\\\/#primaryimage\"},\"thumbnailUrl\":\"https:\\\/\\\/www.ibizaliving.net\\\/wp-content\\\/uploads\\\/2019\\\/11\\\/social-share-contact.jpg\",\"datePublished\":\"2018-10-11T05:55:33+00:00\",\"dateModified\":\"2023-11-10T09:24:38+00:00\",\"description\":\"Contacta con nuestro Estudio de Arquitectos Healthy Lifestyle en IBIZA Espa\u00f1a sobre Arquitectura Dise\u00f1o hogar. Utilizamos los principios de dise\u00f1o arquitect\u00f3nico de formas y proporciones, orientaci\u00f3n y energ\u00eda, entorno y materiales. Todos los proyectos buscan el equilibrio con su entorno natural.\",\"breadcrumb\":{\"@id\":\"https:\\\/\\\/www.ibizaliving.net\\\/contact\\\/#breadcrumb\"},\"inLanguage\":\"es\",\"potentialAction\":[{\"@type\":\"ReadAction\",\"target\":[\"https:\\\/\\\/www.ibizaliving.net\\\/contact\\\/\"]}]},{\"@type\":\"ImageObject\",\"inLanguage\":\"es\",\"@id\":\"https:\\\/\\\/www.ibizaliving.net\\\/contact\\\/#primaryimage\",\"url\":\"https:\\\/\\\/www.ibizaliving.net\\\/wp-content\\\/uploads\\\/2019\\\/11\\\/social-share-contact.jpg\",\"contentUrl\":\"https:\\\/\\\/www.ibizaliving.net\\\/wp-content\\\/uploads\\\/2019\\\/11\\\/social-share-contact.jpg\",\"width\":1200,\"height\":628},{\"@type\":\"BreadcrumbList\",\"@id\":\"https:\\\/\\\/www.ibizaliving.net\\\/contact\\\/#breadcrumb\",\"itemListElement\":[{\"@type\":\"ListItem\",\"position\":1,\"name\":\"Home\",\"item\":\"https:\\\/\\\/www.ibizaliving.net\\\/es\\\/\"},{\"@type\":\"ListItem\",\"position\":2,\"name\":\"CONTACTO\"}]},{\"@type\":\"WebSite\",\"@id\":\"https:\\\/\\\/www.ibizaliving.net\\\/#website\",\"url\":\"https:\\\/\\\/www.ibizaliving.net\\\/\",\"name\":\"IBIZALIVING Natural Lifestyle Architects Firm in IBIZA Spain\",\"description\":\"Nature is our home\",\"publisher\":{\"@id\":\"https:\\\/\\\/www.ibizaliving.net\\\/#organization\"},\"potentialAction\":[{\"@type\":\"SearchAction\",\"target\":{\"@type\":\"EntryPoint\",\"urlTemplate\":\"https:\\\/\\\/www.ibizaliving.net\\\/?s={search_term_string}\"},\"query-input\":{\"@type\":\"PropertyValueSpecification\",\"valueRequired\":true,\"valueName\":\"search_term_string\"}}],\"inLanguage\":\"es\"},{\"@type\":\"Organization\",\"@id\":\"https:\\\/\\\/www.ibizaliving.net\\\/#organization\",\"name\":\"IBIZALIVING\",\"url\":\"https:\\\/\\\/www.ibizaliving.net\\\/\",\"logo\":{\"@type\":\"ImageObject\",\"inLanguage\":\"es\",\"@id\":\"https:\\\/\\\/www.ibizaliving.net\\\/#\\\/schema\\\/logo\\\/image\\\/\",\"url\":\"https:\\\/\\\/www.ibizaliving.net\\\/wp-content\\\/uploads\\\/2019\\\/11\\\/Logo-Ibizaliving-300-2.png\",\"contentUrl\":\"https:\\\/\\\/www.ibizaliving.net\\\/wp-content\\\/uploads\\\/2019\\\/11\\\/Logo-Ibizaliving-300-2.png\",\"width\":300,\"height\":130,\"caption\":\"IBIZALIVING\"},\"image\":{\"@id\":\"https:\\\/\\\/www.ibizaliving.net\\\/#\\\/schema\\\/logo\\\/image\\\/\"}}]}<\/script>\n<!-- \/ Yoast SEO plugin. -->","yoast_head_json":{"title":"Contacte con nuestro Estudio de Arquitectos en IBIZA Espa\u00f1a - Dise\u00f1o de Arquitectura - Arquitectos Estilo de Vida Saludable","description":"Contacta con nuestro Estudio de Arquitectos Healthy Lifestyle en IBIZA Espa\u00f1a sobre Arquitectura Dise\u00f1o hogar. Utilizamos los principios de dise\u00f1o arquitect\u00f3nico de formas y proporciones, orientaci\u00f3n y energ\u00eda, entorno y materiales. Todos los proyectos buscan el equilibrio con su entorno natural.","robots":{"index":"index","follow":"follow","max-snippet":"max-snippet:-1","max-image-preview":"max-image-preview:large","max-video-preview":"max-video-preview:-1"},"canonical":"https:\/\/www.ibizaliving.net\/contact\/","og_locale":"es_ES","og_type":"article","og_title":"Contacte con nuestro Estudio de Arquitectos en IBIZA Espa\u00f1a - Dise\u00f1o de Arquitectura - Arquitectos Estilo de Vida Saludable","og_description":"Contacta con nuestro Estudio de Arquitectos Healthy Lifestyle en IBIZA Espa\u00f1a sobre Arquitectura Dise\u00f1o hogar. Utilizamos los principios de dise\u00f1o arquitect\u00f3nico de formas y proporciones, orientaci\u00f3n y energ\u00eda, entorno y materiales. Todos los proyectos buscan el equilibrio con su entorno natural.","og_url":"https:\/\/www.ibizaliving.net\/contact\/","og_site_name":"IBIZALIVING Natural Lifestyle Architects Firm in IBIZA Spain","article_modified_time":"2023-11-10T09:24:38+00:00","og_image":[{"width":1200,"height":628,"url":"https:\/\/www.ibizaliving.net\/wp-content\/uploads\/2019\/11\/social-share-contact.jpg","type":"image\/jpeg"}],"twitter_card":"summary_large_image","twitter_misc":{"Tiempo de lectura":"2 minutos"},"schema":{"@context":"https:\/\/schema.org","@graph":[{"@type":"WebPage","@id":"https:\/\/www.ibizaliving.net\/contact\/","url":"https:\/\/www.ibizaliving.net\/contact\/","name":"Contacte con nuestro Estudio de Arquitectos en IBIZA Espa\u00f1a - Dise\u00f1o de Arquitectura - Arquitectos Estilo de Vida Saludable","isPartOf":{"@id":"https:\/\/www.ibizaliving.net\/#website"},"primaryImageOfPage":{"@id":"https:\/\/www.ibizaliving.net\/contact\/#primaryimage"},"image":{"@id":"https:\/\/www.ibizaliving.net\/contact\/#primaryimage"},"thumbnailUrl":"https:\/\/www.ibizaliving.net\/wp-content\/uploads\/2019\/11\/social-share-contact.jpg","datePublished":"2018-10-11T05:55:33+00:00","dateModified":"2023-11-10T09:24:38+00:00","description":"Contacta con nuestro Estudio de Arquitectos Healthy Lifestyle en IBIZA Espa\u00f1a sobre Arquitectura Dise\u00f1o hogar. Utilizamos los principios de dise\u00f1o arquitect\u00f3nico de formas y proporciones, orientaci\u00f3n y energ\u00eda, entorno y materiales. Todos los proyectos buscan el equilibrio con su entorno natural.","breadcrumb":{"@id":"https:\/\/www.ibizaliving.net\/contact\/#breadcrumb"},"inLanguage":"es","potentialAction":[{"@type":"ReadAction","target":["https:\/\/www.ibizaliving.net\/contact\/"]}]},{"@type":"ImageObject","inLanguage":"es","@id":"https:\/\/www.ibizaliving.net\/contact\/#primaryimage","url":"https:\/\/www.ibizaliving.net\/wp-content\/uploads\/2019\/11\/social-share-contact.jpg","contentUrl":"https:\/\/www.ibizaliving.net\/wp-content\/uploads\/2019\/11\/social-share-contact.jpg","width":1200,"height":628},{"@type":"BreadcrumbList","@id":"https:\/\/www.ibizaliving.net\/contact\/#breadcrumb","itemListElement":[{"@type":"ListItem","position":1,"name":"Home","item":"https:\/\/www.ibizaliving.net\/es\/"},{"@type":"ListItem","position":2,"name":"CONTACTO"}]},{"@type":"WebSite","@id":"https:\/\/www.ibizaliving.net\/#website","url":"https:\/\/www.ibizaliving.net\/","name":"IBIZALIVING Natural Lifestyle Architects Firm in IBIZA Spain","description":"Nature is our home","publisher":{"@id":"https:\/\/www.ibizaliving.net\/#organization"},"potentialAction":[{"@type":"SearchAction","target":{"@type":"EntryPoint","urlTemplate":"https:\/\/www.ibizaliving.net\/?s={search_term_string}"},"query-input":{"@type":"PropertyValueSpecification","valueRequired":true,"valueName":"search_term_string"}}],"inLanguage":"es"},{"@type":"Organization","@id":"https:\/\/www.ibizaliving.net\/#organization","name":"IBIZALIVING","url":"https:\/\/www.ibizaliving.net\/","logo":{"@type":"ImageObject","inLanguage":"es","@id":"https:\/\/www.ibizaliving.net\/#\/schema\/logo\/image\/","url":"https:\/\/www.ibizaliving.net\/wp-content\/uploads\/2019\/11\/Logo-Ibizaliving-300-2.png","contentUrl":"https:\/\/www.ibizaliving.net\/wp-content\/uploads\/2019\/11\/Logo-Ibizaliving-300-2.png","width":300,"height":130,"caption":"IBIZALIVING"},"image":{"@id":"https:\/\/www.ibizaliving.net\/#\/schema\/logo\/image\/"}}]}},"_links":{"self":[{"href":"https:\/\/www.ibizaliving.net\/es\/wp-json\/wp\/v2\/pages\/9509","targetHints":{"allow":["GET"]}}],"collection":[{"href":"https:\/\/www.ibizaliving.net\/es\/wp-json\/wp\/v2\/pages"}],"about":[{"href":"https:\/\/www.ibizaliving.net\/es\/wp-json\/wp\/v2\/types\/page"}],"author":[{"embeddable":true,"href":"https:\/\/www.ibizaliving.net\/es\/wp-json\/wp\/v2\/users\/9"}],"replies":[{"embeddable":true,"href":"https:\/\/www.ibizaliving.net\/es\/wp-json\/wp\/v2\/comments?post=9509"}],"version-history":[{"count":2,"href":"https:\/\/www.ibizaliving.net\/es\/wp-json\/wp\/v2\/pages\/9509\/revisions"}],"predecessor-version":[{"id":9511,"href":"https:\/\/www.ibizaliving.net\/es\/wp-json\/wp\/v2\/pages\/9509\/revisions\/9511"}],"wp:featuredmedia":[{"embeddable":true,"href":"https:\/\/www.ibizaliving.net\/es\/wp-json\/wp\/v2\/media\/9068"}],"wp:attachment":[{"href":"https:\/\/www.ibizaliving.net\/es\/wp-json\/wp\/v2\/media?parent=9509"}],"curies":[{"name":"wp","href":"https:\/\/api.w.org\/{rel}","templated":true}]}}