{"id":9478,"date":"2019-09-17T17:00:25","date_gmt":"2019-09-17T15:00:25","guid":{"rendered":"https:\/\/www.ibizaliving.net\/coleccion\/"},"modified":"2024-03-18T13:10:36","modified_gmt":"2024-03-18T12:10:36","slug":"coleccion","status":"publish","type":"page","link":"https:\/\/www.ibizaliving.net\/es\/coleccion\/","title":{"rendered":"COLECCI\u00d3N"},"content":{"rendered":"<div class=\"wpb-content-wrapper\"><p>[vc_row css_animation=\u00bbfadeIn\u00bb css=\u00bb.vc_custom_1573926697445{margin-top: 120px !important;}\u00bb][vc_column][vc_single_image image=\u00bb6599&#8243; img_size=\u00bbfull\u00bb css_animation=\u00bbfadeIn\u00bb][\/vc_column][\/vc_row][vc_row css_animation=\u00bbfadeIn\u00bb][vc_column][vc_column_text]<\/p>\n<h4 style=\"text-align: center;\">FUEGO: En\u00e9rgico, contundente, que mueve <span class=\"il\">cosas<\/span>.<\/h4>\n<p>[\/vc_column_text][\/vc_column][\/vc_row][vc_row css_animation=\u00bbfadeIn\u00bb css=\u00bb.vc_custom_1574017050131{margin-top: 20px !important;}\u00bb][vc_column css=\u00bb.vc_custom_1574016249440{padding-bottom: 30px !important;}\u00bb][vc_single_image image=\u00bb6712&#8243; img_size=\u00bblarge\u00bb alignment=\u00bbcenter\u00bb onclick=\u00bbcustom_link\u00bb css_animation=\u00bbfadeIn\u00bb title=\u00bbPINTURA ECO CAL\u00bb link=\u00bbhttps:\/\/www.ibizaliving.net\/es\/coleccion\/materiales-de-construccion\/pintura-eco-cal\/\u00bb][\/vc_column][\/vc_row][vc_row css_animation=\u00bbfadeIn\u00bb css=\u00bb.vc_custom_1576595887891{margin-top: 20px !important;margin-bottom: 20px !important;padding-right: 40px !important;padding-bottom: 40px !important;padding-left: 40px !important;}\u00bb][vc_column width=\u00bb1\/6&#8243; css=\u00bb.vc_custom_1574016857057{padding-right: 40px !important;padding-bottom: 40px !important;padding-left: 40px !important;}\u00bb][\/vc_column][vc_column width=\u00bb2\/3&#8243;][vc_column_text]<\/p>\n<p style=\"text-align: center;\">Productos sostenibles dise\u00f1ados por IBIZALIVING para vivir mejor.<\/p>\n<p style=\"text-align: center;\">IBIZALIVING Architecture &amp; Design, ha creado una serie de productos sostenibles para una mejor forma de vivir.<\/p>\n<p style=\"text-align: center;\">Aplicando la sabidur\u00eda de la geometr\u00eda sagrada y fiel al estilo ibicenco. Utilizando materiales nobles y reciclados, IBIZALIVING ha desarrollado una colecci\u00f3n de productos y componentes de construcci\u00f3n pr\u00e1cticos, pero exclusivos y sostenibles.<\/p>\n<p>[\/vc_column_text][\/vc_column][vc_column width=\u00bb1\/6&#8243;][\/vc_column][\/vc_row][vc_row row_content_width=\u00bbgrid\u00bb][vc_column]<div class=\"woocommerce columns-5 \"><ul class=\"products columns-5\">\n<li class=\"product type-product post-9571 status-publish first instock product_cat-pintura-eco-cal product_tag-carrusel-es product_tag-finca-es product_tag-interior-es product_tag-paint-es has-post-thumbnail shipping-taxable product-type-simple\">\n\t<div class=\"edgtf-pl-inner\"><div class=\"edgtf-pl-image\"><img decoding=\"async\" width=\"300\" height=\"399\" src=\"https:\/\/www.ibizaliving.net\/wp-content\/uploads\/2017\/10\/4-300x399.jpg\" class=\"attachment-woocommerce_thumbnail size-woocommerce_thumbnail\" alt=\"Pintura ecol\u00f3gica a la cal\" srcset=\"https:\/\/www.ibizaliving.net\/wp-content\/uploads\/2017\/10\/4-300x399.jpg 300w, https:\/\/www.ibizaliving.net\/wp-content\/uploads\/2017\/10\/4.jpg 572w\" sizes=\"(max-width: 300px) 100vw, 300px\" \/><div class=\"edgtf-pl-text\"><div class=\"edgtf-pl-text-outer\"><div class=\"edgtf-pl-text-inner\"><a href=\"https:\/\/www.ibizaliving.net\/es\/product-collection\/materiales-de-construccion\/pintura-eco-cal\/ibiza-living-paint\/\" aria-describedby=\"woocommerce_loop_add_to_cart_link_describedby_9571\" data-quantity=\"1\" class=\"button product_type_simple\" data-product_id=\"9571\" data-product_sku=\"002\" aria-label=\"Lee m\u00e1s sobre &ldquo;Pintura ecol\u00f3gica a la cal&rdquo;\" rel=\"nofollow\" data-success_message=\"\">Leer m\u00e1s<\/a>\t<span id=\"woocommerce_loop_add_to_cart_link_describedby_9571\" class=\"screen-reader-text\">\n\t\t\t<\/span>\n<\/div><\/div><\/div><\/div><a href=\"https:\/\/www.ibizaliving.net\/es\/product-collection\/materiales-de-construccion\/pintura-eco-cal\/ibiza-living-paint\/\" class=\"woocommerce-LoopProduct-link woocommerce-loop-product__link\"><\/a><\/div><div class=\"edgtf-pl-text-wrapper\"><h6 class=\"edgtf-product-list-title\"><a href=\"https:\/\/www.ibizaliving.net\/es\/product-collection\/materiales-de-construccion\/pintura-eco-cal\/ibiza-living-paint\/\">Pintura ecol\u00f3gica a la cal<\/a><\/h6>\n\t\t\t<h6 class=\"edgtf-pl-category\"><a href=\"https:\/\/www.ibizaliving.net\/es\/coleccion\/materiales-de-construccion\/pintura-eco-cal\/\" rel=\"tag\">Pintura Eco Cal<\/a><\/h6>\n\t\t<\/div><\/li><\/ul>\n<\/div>[\/vc_column][\/vc_row]<\/p>\n<\/div><span class=\"et_bloom_bottom_trigger\"><\/span>","protected":false},"excerpt":{"rendered":"<p> [&hellip;]<\/p>\n","protected":false},"author":9,"featured_media":9035,"parent":0,"menu_order":0,"comment_status":"closed","ping_status":"closed","template":"full-width.php","meta":{"rs_blank_template":"","rs_page_bg_color":"","slide_template_v7":"","footnotes":""},"class_list":["post-9478","page","type-page","status-publish","has-post-thumbnail","hentry"],"yoast_head":"<!-- This site is optimized with the Yoast SEO plugin v27.3 - https:\/\/yoast.com\/product\/yoast-seo-wordpress\/ -->\n<title>Productos sostenibles en IBIZA Espa\u00f1a. Estilo de vida saludable Arquitectos y dise\u00f1o sostenible<\/title>\n<meta name=\"description\" content=\"Productos sostenibles dise\u00f1ados por un estudio de arquitectura en IBIZA, Espa\u00f1a. Crear un dise\u00f1o sostenible para un estilo de vida saludable. Nuestros arquitectos de estilo de vida saludable utilizan los principios de formas y proporciones, orientaci\u00f3n y energ\u00eda, medio ambiente y materiales. Todos los proyectos buscan el equilibrio con su entorno natural.\" \/>\n<meta name=\"robots\" content=\"index, follow, max-snippet:-1, max-image-preview:large, max-video-preview:-1\" \/>\n<link rel=\"canonical\" href=\"https:\/\/www.ibizaliving.net\/collection\/\" \/>\n<meta property=\"og:locale\" content=\"es_ES\" \/>\n<meta property=\"og:type\" content=\"article\" \/>\n<meta property=\"og:title\" content=\"Productos sostenibles en IBIZA Espa\u00f1a. Estilo de vida saludable Arquitectos y dise\u00f1o sostenible\" \/>\n<meta property=\"og:description\" content=\"Productos sostenibles dise\u00f1ados por un estudio de arquitectura en IBIZA, Espa\u00f1a. Crear un dise\u00f1o sostenible para un estilo de vida saludable. Nuestros arquitectos de estilo de vida saludable utilizan los principios de formas y proporciones, orientaci\u00f3n y energ\u00eda, medio ambiente y materiales. Todos los proyectos buscan el equilibrio con su entorno natural.\" \/>\n<meta property=\"og:url\" content=\"https:\/\/www.ibizaliving.net\/collection\/\" \/>\n<meta property=\"og:site_name\" content=\"IBIZALIVING Natural Lifestyle Architects Firm in IBIZA Spain\" \/>\n<meta property=\"article:modified_time\" content=\"2024-03-18T12:10:36+00:00\" \/>\n<meta property=\"og:image\" content=\"https:\/\/www.ibizaliving.net\/wp-content\/uploads\/2019\/11\/featured-collection1200x628-1.jpg\" \/>\n\t<meta property=\"og:image:width\" content=\"1200\" \/>\n\t<meta property=\"og:image:height\" content=\"628\" \/>\n\t<meta property=\"og:image:type\" content=\"image\/jpeg\" \/>\n<meta name=\"twitter:card\" content=\"summary_large_image\" \/>\n<meta name=\"twitter:label1\" content=\"Tiempo de lectura\" \/>\n\t<meta name=\"twitter:data1\" content=\"2 minutos\" \/>\n<script type=\"application\/ld+json\" class=\"yoast-schema-graph\">{\"@context\":\"https:\\\/\\\/schema.org\",\"@graph\":[{\"@type\":\"WebPage\",\"@id\":\"https:\\\/\\\/www.ibizaliving.net\\\/collection\\\/\",\"url\":\"https:\\\/\\\/www.ibizaliving.net\\\/collection\\\/\",\"name\":\"Productos sostenibles en IBIZA Espa\u00f1a. Estilo de vida saludable Arquitectos y dise\u00f1o sostenible\",\"isPartOf\":{\"@id\":\"https:\\\/\\\/www.ibizaliving.net\\\/#website\"},\"primaryImageOfPage\":{\"@id\":\"https:\\\/\\\/www.ibizaliving.net\\\/collection\\\/#primaryimage\"},\"image\":{\"@id\":\"https:\\\/\\\/www.ibizaliving.net\\\/collection\\\/#primaryimage\"},\"thumbnailUrl\":\"https:\\\/\\\/www.ibizaliving.net\\\/wp-content\\\/uploads\\\/2019\\\/11\\\/featured-collection1200x628-1.jpg\",\"datePublished\":\"2019-09-17T15:00:25+00:00\",\"dateModified\":\"2024-03-18T12:10:36+00:00\",\"description\":\"Productos sostenibles dise\u00f1ados por un estudio de arquitectura en IBIZA, Espa\u00f1a. Crear un dise\u00f1o sostenible para un estilo de vida saludable. Nuestros arquitectos de estilo de vida saludable utilizan los principios de formas y proporciones, orientaci\u00f3n y energ\u00eda, medio ambiente y materiales. Todos los proyectos buscan el equilibrio con su entorno natural.\",\"breadcrumb\":{\"@id\":\"https:\\\/\\\/www.ibizaliving.net\\\/collection\\\/#breadcrumb\"},\"inLanguage\":\"es\",\"potentialAction\":[{\"@type\":\"ReadAction\",\"target\":[\"https:\\\/\\\/www.ibizaliving.net\\\/collection\\\/\"]}]},{\"@type\":\"ImageObject\",\"inLanguage\":\"es\",\"@id\":\"https:\\\/\\\/www.ibizaliving.net\\\/collection\\\/#primaryimage\",\"url\":\"https:\\\/\\\/www.ibizaliving.net\\\/wp-content\\\/uploads\\\/2019\\\/11\\\/featured-collection1200x628-1.jpg\",\"contentUrl\":\"https:\\\/\\\/www.ibizaliving.net\\\/wp-content\\\/uploads\\\/2019\\\/11\\\/featured-collection1200x628-1.jpg\",\"width\":1200,\"height\":628},{\"@type\":\"BreadcrumbList\",\"@id\":\"https:\\\/\\\/www.ibizaliving.net\\\/collection\\\/#breadcrumb\",\"itemListElement\":[{\"@type\":\"ListItem\",\"position\":1,\"name\":\"Home\",\"item\":\"https:\\\/\\\/www.ibizaliving.net\\\/es\\\/\"},{\"@type\":\"ListItem\",\"position\":2,\"name\":\"COLECCI\u00d3N\"}]},{\"@type\":\"WebSite\",\"@id\":\"https:\\\/\\\/www.ibizaliving.net\\\/#website\",\"url\":\"https:\\\/\\\/www.ibizaliving.net\\\/\",\"name\":\"IBIZALIVING Natural Lifestyle Architects Firm in IBIZA Spain\",\"description\":\"Nature is our home\",\"publisher\":{\"@id\":\"https:\\\/\\\/www.ibizaliving.net\\\/#organization\"},\"potentialAction\":[{\"@type\":\"SearchAction\",\"target\":{\"@type\":\"EntryPoint\",\"urlTemplate\":\"https:\\\/\\\/www.ibizaliving.net\\\/?s={search_term_string}\"},\"query-input\":{\"@type\":\"PropertyValueSpecification\",\"valueRequired\":true,\"valueName\":\"search_term_string\"}}],\"inLanguage\":\"es\"},{\"@type\":\"Organization\",\"@id\":\"https:\\\/\\\/www.ibizaliving.net\\\/#organization\",\"name\":\"IBIZALIVING\",\"url\":\"https:\\\/\\\/www.ibizaliving.net\\\/\",\"logo\":{\"@type\":\"ImageObject\",\"inLanguage\":\"es\",\"@id\":\"https:\\\/\\\/www.ibizaliving.net\\\/#\\\/schema\\\/logo\\\/image\\\/\",\"url\":\"https:\\\/\\\/www.ibizaliving.net\\\/wp-content\\\/uploads\\\/2019\\\/11\\\/Logo-Ibizaliving-300-2.png\",\"contentUrl\":\"https:\\\/\\\/www.ibizaliving.net\\\/wp-content\\\/uploads\\\/2019\\\/11\\\/Logo-Ibizaliving-300-2.png\",\"width\":300,\"height\":130,\"caption\":\"IBIZALIVING\"},\"image\":{\"@id\":\"https:\\\/\\\/www.ibizaliving.net\\\/#\\\/schema\\\/logo\\\/image\\\/\"}}]}<\/script>\n<!-- \/ Yoast SEO plugin. -->","yoast_head_json":{"title":"Productos sostenibles en IBIZA Espa\u00f1a. Estilo de vida saludable Arquitectos y dise\u00f1o sostenible","description":"Productos sostenibles dise\u00f1ados por un estudio de arquitectura en IBIZA, Espa\u00f1a. Crear un dise\u00f1o sostenible para un estilo de vida saludable. Nuestros arquitectos de estilo de vida saludable utilizan los principios de formas y proporciones, orientaci\u00f3n y energ\u00eda, medio ambiente y materiales. Todos los proyectos buscan el equilibrio con su entorno natural.","robots":{"index":"index","follow":"follow","max-snippet":"max-snippet:-1","max-image-preview":"max-image-preview:large","max-video-preview":"max-video-preview:-1"},"canonical":"https:\/\/www.ibizaliving.net\/collection\/","og_locale":"es_ES","og_type":"article","og_title":"Productos sostenibles en IBIZA Espa\u00f1a. Estilo de vida saludable Arquitectos y dise\u00f1o sostenible","og_description":"Productos sostenibles dise\u00f1ados por un estudio de arquitectura en IBIZA, Espa\u00f1a. Crear un dise\u00f1o sostenible para un estilo de vida saludable. Nuestros arquitectos de estilo de vida saludable utilizan los principios de formas y proporciones, orientaci\u00f3n y energ\u00eda, medio ambiente y materiales. Todos los proyectos buscan el equilibrio con su entorno natural.","og_url":"https:\/\/www.ibizaliving.net\/collection\/","og_site_name":"IBIZALIVING Natural Lifestyle Architects Firm in IBIZA Spain","article_modified_time":"2024-03-18T12:10:36+00:00","og_image":[{"width":1200,"height":628,"url":"https:\/\/www.ibizaliving.net\/wp-content\/uploads\/2019\/11\/featured-collection1200x628-1.jpg","type":"image\/jpeg"}],"twitter_card":"summary_large_image","twitter_misc":{"Tiempo de lectura":"2 minutos"},"schema":{"@context":"https:\/\/schema.org","@graph":[{"@type":"WebPage","@id":"https:\/\/www.ibizaliving.net\/collection\/","url":"https:\/\/www.ibizaliving.net\/collection\/","name":"Productos sostenibles en IBIZA Espa\u00f1a. Estilo de vida saludable Arquitectos y dise\u00f1o sostenible","isPartOf":{"@id":"https:\/\/www.ibizaliving.net\/#website"},"primaryImageOfPage":{"@id":"https:\/\/www.ibizaliving.net\/collection\/#primaryimage"},"image":{"@id":"https:\/\/www.ibizaliving.net\/collection\/#primaryimage"},"thumbnailUrl":"https:\/\/www.ibizaliving.net\/wp-content\/uploads\/2019\/11\/featured-collection1200x628-1.jpg","datePublished":"2019-09-17T15:00:25+00:00","dateModified":"2024-03-18T12:10:36+00:00","description":"Productos sostenibles dise\u00f1ados por un estudio de arquitectura en IBIZA, Espa\u00f1a. Crear un dise\u00f1o sostenible para un estilo de vida saludable. Nuestros arquitectos de estilo de vida saludable utilizan los principios de formas y proporciones, orientaci\u00f3n y energ\u00eda, medio ambiente y materiales. Todos los proyectos buscan el equilibrio con su entorno natural.","breadcrumb":{"@id":"https:\/\/www.ibizaliving.net\/collection\/#breadcrumb"},"inLanguage":"es","potentialAction":[{"@type":"ReadAction","target":["https:\/\/www.ibizaliving.net\/collection\/"]}]},{"@type":"ImageObject","inLanguage":"es","@id":"https:\/\/www.ibizaliving.net\/collection\/#primaryimage","url":"https:\/\/www.ibizaliving.net\/wp-content\/uploads\/2019\/11\/featured-collection1200x628-1.jpg","contentUrl":"https:\/\/www.ibizaliving.net\/wp-content\/uploads\/2019\/11\/featured-collection1200x628-1.jpg","width":1200,"height":628},{"@type":"BreadcrumbList","@id":"https:\/\/www.ibizaliving.net\/collection\/#breadcrumb","itemListElement":[{"@type":"ListItem","position":1,"name":"Home","item":"https:\/\/www.ibizaliving.net\/es\/"},{"@type":"ListItem","position":2,"name":"COLECCI\u00d3N"}]},{"@type":"WebSite","@id":"https:\/\/www.ibizaliving.net\/#website","url":"https:\/\/www.ibizaliving.net\/","name":"IBIZALIVING Natural Lifestyle Architects Firm in IBIZA Spain","description":"Nature is our home","publisher":{"@id":"https:\/\/www.ibizaliving.net\/#organization"},"potentialAction":[{"@type":"SearchAction","target":{"@type":"EntryPoint","urlTemplate":"https:\/\/www.ibizaliving.net\/?s={search_term_string}"},"query-input":{"@type":"PropertyValueSpecification","valueRequired":true,"valueName":"search_term_string"}}],"inLanguage":"es"},{"@type":"Organization","@id":"https:\/\/www.ibizaliving.net\/#organization","name":"IBIZALIVING","url":"https:\/\/www.ibizaliving.net\/","logo":{"@type":"ImageObject","inLanguage":"es","@id":"https:\/\/www.ibizaliving.net\/#\/schema\/logo\/image\/","url":"https:\/\/www.ibizaliving.net\/wp-content\/uploads\/2019\/11\/Logo-Ibizaliving-300-2.png","contentUrl":"https:\/\/www.ibizaliving.net\/wp-content\/uploads\/2019\/11\/Logo-Ibizaliving-300-2.png","width":300,"height":130,"caption":"IBIZALIVING"},"image":{"@id":"https:\/\/www.ibizaliving.net\/#\/schema\/logo\/image\/"}}]}},"_links":{"self":[{"href":"https:\/\/www.ibizaliving.net\/es\/wp-json\/wp\/v2\/pages\/9478","targetHints":{"allow":["GET"]}}],"collection":[{"href":"https:\/\/www.ibizaliving.net\/es\/wp-json\/wp\/v2\/pages"}],"about":[{"href":"https:\/\/www.ibizaliving.net\/es\/wp-json\/wp\/v2\/types\/page"}],"author":[{"embeddable":true,"href":"https:\/\/www.ibizaliving.net\/es\/wp-json\/wp\/v2\/users\/9"}],"replies":[{"embeddable":true,"href":"https:\/\/www.ibizaliving.net\/es\/wp-json\/wp\/v2\/comments?post=9478"}],"version-history":[{"count":6,"href":"https:\/\/www.ibizaliving.net\/es\/wp-json\/wp\/v2\/pages\/9478\/revisions"}],"predecessor-version":[{"id":9657,"href":"https:\/\/www.ibizaliving.net\/es\/wp-json\/wp\/v2\/pages\/9478\/revisions\/9657"}],"wp:featuredmedia":[{"embeddable":true,"href":"https:\/\/www.ibizaliving.net\/es\/wp-json\/wp\/v2\/media\/9035"}],"wp:attachment":[{"href":"https:\/\/www.ibizaliving.net\/es\/wp-json\/wp\/v2\/media?parent=9478"}],"curies":[{"name":"wp","href":"https:\/\/api.w.org\/{rel}","templated":true}]}}