{"id":9447,"date":"2019-11-15T14:32:47","date_gmt":"2019-11-15T13:32:47","guid":{"rendered":"https:\/\/www.ibizaliving.net\/sobre-nosotros\/el-equipo\/"},"modified":"2023-11-13T08:24:39","modified_gmt":"2023-11-13T07:24:39","slug":"el-equipo","status":"publish","type":"page","link":"https:\/\/www.ibizaliving.net\/es\/sobre-nosotros\/el-equipo\/","title":{"rendered":"EL EQUIPO"},"content":{"rendered":"<div class=\"wpb-content-wrapper\"><p>[vc_row css=\u00bb.vc_custom_1574012532194{margin-top: 120px !important;}\u00bb][vc_column css_animation=\u00bbfadeIn\u00bb][vc_single_image image=\u00bb6722&#8243; img_size=\u00bbfull\u00bb css_animation=\u00bbfadeIn\u00bb][\/vc_column][\/vc_row][vc_row css=\u00bb.vc_custom_1576600785488{margin-bottom: 20px !important;}\u00bb][vc_column css_animation=\u00bbfadeIn\u00bb][vc_column_text]<\/p>\n<h3 style=\"text-align: center;\">\u00abLa proporci\u00f3n \u00e1urea es la clave de la f\u00edsica universal.\u00bb<br \/>\nSir Edward Victor Appleton<\/h3>\n<p>[\/vc_column_text][\/vc_column][\/vc_row][vc_row css=\u00bb.vc_custom_1573918066163{margin-top: 0px !important;margin-right: 40px !important;margin-left: 40px !important;}\u00bb][vc_column width=\u00bb1\/6&#8243;][vc_column_text]<br \/>\n[\/vc_column_text][\/vc_column][vc_column width=\u00bb2\/3&#8243; css=\u00bb.vc_custom_1574014142288{padding-bottom: 30px !important;}\u00bb][vc_column_text css_animation=\u00bbfadeIn\u00bb]<\/p>\n<p style=\"text-align: left;\">El enfoque de dise\u00f1o IBIZALIVING: Un enfoque multidisciplinar, que sigue una serie de principios en lugar de c\u00f3digos estil\u00edsticos.<\/p>\n<p style=\"text-align: left;\">El equipo de IBIZALIVING cree en la importancia de la filosof\u00eda del dise\u00f1o natural aplicada a la arquitectura; buscando soluciones sostenibles y naturales para un estilo de vida mejor y m\u00e1s saludable.<\/p>\n<p>Miremos donde miremos vemos los mismos patrones en todo el mundo. Desde una diminuta concha de caracol hasta gigantescas galaxias en espiral, todo el universo est\u00e1 construido seg\u00fan las leyes de la geometr\u00eda sagrada.<\/p>\n<p>La Proporci\u00f3n \u00c1urea, o Proporci\u00f3n Divina, es la clave detr\u00e1s de los procesos que engendran la vida. Es un principio universal que puede encontrarse en todos los niveles de la existencia. Desde las mol\u00e9culas de nuestro ADN , hasta la c\u00f3rnea de nuestro ojo, los copos de nieve, las pi\u00f1as de los pinos, los p\u00e9talos de las flores o los cristales de diamante, todo tipo de movimiento o crecimiento se rige por las mismas reglas divinas. Las formas, proporciones, figuras y proporciones, derivadas de la Proporci\u00f3n \u00c1urea, y la Secuencia de Fibonacci son el c\u00f3digo esencial subyacente a toda la creaci\u00f3n natural.<\/p>\n<p>A trav\u00e9s de un cuidadoso estudio y aplicaci\u00f3n de estos principios universales, los arquitectos de IBIZALIVING desarrollan su trabajo y sus dise\u00f1os.[\/vc_column_text][vc_empty_space height=\u00bb50px\u00bb][\/vc_column][vc_column width=\u00bb1\/6&#8243;][\/vc_column][\/vc_row][vc_row][vc_column][vc_empty_space][\/vc_column][\/vc_row][vc_row][vc_column width=\u00bb1\/5&#8243;][\/vc_column][vc_column width=\u00bb1\/5&#8243;][vc_single_image image=\u00bb7682&#8243; img_size=\u00bb300&#215;400&#8243; alignment=\u00bbcenter\u00bb][vc_column_text]<\/p>\n<p style=\"text-align: center;\"><strong>Magali Meier<\/strong><\/p>\n<p>[\/vc_column_text][\/vc_column][vc_column width=\u00bb1\/5&#8243;][vc_single_image image=\u00bb7689&#8243; img_size=\u00bb300&#215;400&#8243; alignment=\u00bbcenter\u00bb][vc_column_text]<\/p>\n<p style=\"text-align: center;\"><strong>Alessandro Pacheco Branco<\/strong><\/p>\n<p>[\/vc_column_text][\/vc_column][vc_column width=\u00bb1\/5&#8243;][vc_single_image image=\u00bb7687&#8243; img_size=\u00bb300&#215;400&#8243; alignment=\u00bbcenter\u00bb][vc_column_text]<\/p>\n<p style=\"text-align: center;\"><strong>Jorge Rodr\u00edguez<\/strong><\/p>\n<p>[\/vc_column_text][\/vc_column][\/vc_row][vc_row][vc_column][vc_empty_space height=\u00bb52px\u00bb][\/vc_column][\/vc_row][vc_row][vc_column width=\u00bb1\/5&#8243;][\/vc_column][vc_column width=\u00bb1\/5&#8243;][vc_single_image image=\u00bb7684&#8243; img_size=\u00bb300&#215;400&#8243; alignment=\u00bbcenter\u00bb][vc_column_text]<\/p>\n<p style=\"text-align: center;\"><strong>Joan Casellas Solano<\/strong><\/p>\n<p>[\/vc_column_text][\/vc_column][vc_column width=\u00bb1\/5&#8243;][vc_single_image image=\u00bb7688&#8243; img_size=\u00bb300&#215;400&#8243; alignment=\u00bbcenter\u00bb][vc_column_text]<\/p>\n<p style=\"text-align: center;\"><strong>Luc\u00eda Tur<\/strong><\/p>\n<p>[\/vc_column_text][\/vc_column][vc_column width=\u00bb1\/5&#8243;][vc_single_image image=\u00bb7686&#8243; img_size=\u00bb300&#215;400&#8243; alignment=\u00bbcenter\u00bb][vc_column_text]<\/p>\n<p style=\"text-align: center;\"><strong>Jennifer Strychaluk<\/strong><\/p>\n<p>[\/vc_column_text][\/vc_column][\/vc_row][vc_row][vc_column][vc_empty_space height=\u00bb52px\u00bb][\/vc_column][\/vc_row][vc_row][vc_column width=\u00bb1\/5&#8243;][\/vc_column][vc_column width=\u00bb1\/5&#8243;][vc_single_image image=\u00bb7681&#8243; img_size=\u00bb300&#215;400&#8243; alignment=\u00bbcenter\u00bb][vc_column_text]<\/p>\n<p style=\"text-align: center;\"><strong>Kashaya Rustige<\/strong><\/p>\n<p>[\/vc_column_text][\/vc_column][vc_column width=\u00bb1\/5&#8243;][vc_single_image image=\u00bb7690&#8243; img_size=\u00bb300&#215;400&#8243; alignment=\u00bbcenter\u00bb][vc_column_text]<\/p>\n<p style=\"text-align: center;\"><strong>Jakob Oschmann<\/strong><\/p>\n<p>[\/vc_column_text][\/vc_column][\/vc_row][vc_row][vc_column][vc_empty_space height=\u00bb52px\u00bb][\/vc_column][\/vc_row][vc_row css=\u00bb.vc_custom_1573917941634{margin-top: 0px !important;}\u00bb][vc_column width=\u00bb1\/4&#8243;][vc_single_image image=\u00bb6703&#8243; img_size=\u00bbfull\u00bb alignment=\u00bbcenter\u00bb onclick=\u00bbcustom_link\u00bb css_animation=\u00bbfadeIn\u00bb title=\u00bbLOGOTIPO DE 5 ELEMENTOS\u00bb link=\u00bbhttps:\/\/www.ibizaliving.net\/es\/sobre-nosotros\/logotipo-de-5-elementos\/\u00bb][\/vc_column][vc_column width=\u00bb1\/4&#8243;][vc_single_image image=\u00bb6704&#8243; img_size=\u00bbfull\u00bb alignment=\u00bbcenter\u00bb onclick=\u00bbcustom_link\u00bb css_animation=\u00bbfadeIn\u00bb link=\u00bbhttps:\/\/www.ibizaliving.net\/es\/sobre-nosotros\/los-arquitectos\/\u00bb title=\u00bbLOS ARQUITECTOS\u00bb][\/vc_column][vc_column width=\u00bb1\/4&#8243;][vc_single_image image=\u00bb6702&#8243; img_size=\u00bbfull\u00bb alignment=\u00bbcenter\u00bb onclick=\u00bbcustom_link\u00bb css_animation=\u00bbfadeIn\u00bb title=\u00bbARQUITECTURA IBICENCA\u00bb link=\u00bbhttps:\/\/www.ibizaliving.net\/es\/sobre-nosotros\/arquitectura-ibicenca\/\u00bb][\/vc_column][vc_column width=\u00bb1\/4&#8243;][vc_single_image image=\u00bb6706&#8243; img_size=\u00bbfull\u00bb alignment=\u00bbcenter\u00bb onclick=\u00bbcustom_link\u00bb css_animation=\u00bbfadeIn\u00bb title=\u00bbGEOMETR\u00cdA SAGRADA\u00bb link=\u00bbhttps:\/\/www.ibizaliving.net\/es\/sobre-nosotros\/geometria-sagrada\/\u00bb][\/vc_column][\/vc_row][vc_row css=\u00bb.vc_custom_1540565719532{margin-right: 25px !important;margin-left: 25px !important;}\u00bb][vc_column width=\u00bb1\/6&#8243;][\/vc_column][vc_column width=\u00bb2\/3&#8243;]<div class=\"edgtf-section-title-holder  edgtf-st-standard  edgtf-st-position-left edgtf-appear-fx\" style=\"text-align: center\">\n\t\t<div class=\"edgtf-st-inner\">\n                    <div class=\"edgtf-st-title-holder\">\n                <h2 class=\"edgtf-st-title\" >\n                    PRINCIPLES<br \/>                <\/h2>\n            <\/div>\n\t\t\t\t\t<\/div>\n    <\/div>[vc_column_text]<\/p>\n<p style=\"text-align: center;\">Dise\u00f1amos casas utilizando los <strong>principios del dise\u00f1o<\/strong> arquitect\u00f3nico de formas y proporciones, orientaci\u00f3n y energ\u00eda, entorno y material. Todos los <strong>proyectos de casas<\/strong> de dise\u00f1o buscan el equilibrio y la conexi\u00f3n con su entorno natural.<\/p>\n<p style=\"text-align: center;\"><strong>Aspire a dise\u00f1ar y construir su casa de estilo ibicenco en cualquier parte del mundo.<\/strong><\/p>\n<p>[\/vc_column_text][vc_btn title=\u00bbPRINCIPIOS\u00bb style=\u00bboutline\u00bb shape=\u00bbsquare\u00bb color=\u00bbinverse\u00bb size=\u00bblg\u00bb align=\u00bbcenter\u00bb css=\u00bb.vc_custom_1699604843181{margin-top: 20px !important;}\u00bb link=\u00bburl:https%3A%2F%2Fwww.ibizaliving.net%2Fes%2Fprincipios%2F|title:PRINCIPIOS\u00bb][vc_empty_space height=\u00bb75px\u00bb][\/vc_column][vc_column width=\u00bb1\/6&#8243;][\/vc_column][\/vc_row]<\/p>\n<\/div><span class=\"et_bloom_bottom_trigger\"><\/span>","protected":false},"excerpt":{"rendered":"<p> [&hellip;]<\/p>\n","protected":false},"author":10,"featured_media":9061,"parent":9430,"menu_order":0,"comment_status":"closed","ping_status":"closed","template":"full-width.php","meta":{"rs_blank_template":"","rs_page_bg_color":"","slide_template_v7":"","footnotes":""},"class_list":["post-9447","page","type-page","status-publish","has-post-thumbnail","hentry"],"yoast_head":"<!-- This site is optimized with the Yoast SEO plugin v27.4 - https:\/\/yoast.com\/product\/yoast-seo-wordpress\/ -->\n<title>El equipo de IBIZALIVING Estudio de Arquitectura en IBIZA Espa\u00f1a<\/title>\n<meta name=\"description\" content=\"El equipo de IBIZALIVING cree en la importancia de la filosof\u00eda del dise\u00f1o natural aplicada a la arquitectura; buscando soluciones sostenibles y naturales para un estilo de vida mejor y m\u00e1s saludable.\" \/>\n<meta name=\"robots\" content=\"index, follow, max-snippet:-1, max-image-preview:large, max-video-preview:-1\" \/>\n<link rel=\"canonical\" href=\"https:\/\/www.ibizaliving.net\/about\/the-team\/\" \/>\n<meta property=\"og:locale\" content=\"es_ES\" \/>\n<meta property=\"og:type\" content=\"article\" \/>\n<meta property=\"og:title\" content=\"El equipo de IBIZALIVING Estudio de Arquitectura en IBIZA Espa\u00f1a\" \/>\n<meta property=\"og:description\" content=\"El equipo de IBIZALIVING cree en la importancia de la filosof\u00eda del dise\u00f1o natural aplicada a la arquitectura; buscando soluciones sostenibles y naturales para un estilo de vida mejor y m\u00e1s saludable.\" \/>\n<meta property=\"og:url\" content=\"https:\/\/www.ibizaliving.net\/about\/the-team\/\" \/>\n<meta property=\"og:site_name\" content=\"IBIZALIVING Natural Lifestyle Architects Firm in IBIZA Spain\" \/>\n<meta property=\"article:modified_time\" content=\"2023-11-13T07:24:39+00:00\" \/>\n<meta property=\"og:image\" content=\"https:\/\/www.ibizaliving.net\/wp-content\/uploads\/2019\/11\/social-share-about-team.jpg\" \/>\n\t<meta property=\"og:image:width\" content=\"1200\" \/>\n\t<meta property=\"og:image:height\" content=\"628\" \/>\n\t<meta property=\"og:image:type\" content=\"image\/jpeg\" \/>\n<meta name=\"twitter:card\" content=\"summary_large_image\" \/>\n<meta name=\"twitter:label1\" content=\"Tiempo de lectura\" \/>\n\t<meta name=\"twitter:data1\" content=\"2 minutos\" \/>\n<script type=\"application\/ld+json\" class=\"yoast-schema-graph\">{\"@context\":\"https:\\\/\\\/schema.org\",\"@graph\":[{\"@type\":\"WebPage\",\"@id\":\"https:\\\/\\\/www.ibizaliving.net\\\/about\\\/the-team\\\/\",\"url\":\"https:\\\/\\\/www.ibizaliving.net\\\/about\\\/the-team\\\/\",\"name\":\"El equipo de IBIZALIVING Estudio de Arquitectura en IBIZA Espa\u00f1a\",\"isPartOf\":{\"@id\":\"https:\\\/\\\/www.ibizaliving.net\\\/#website\"},\"primaryImageOfPage\":{\"@id\":\"https:\\\/\\\/www.ibizaliving.net\\\/about\\\/the-team\\\/#primaryimage\"},\"image\":{\"@id\":\"https:\\\/\\\/www.ibizaliving.net\\\/about\\\/the-team\\\/#primaryimage\"},\"thumbnailUrl\":\"https:\\\/\\\/www.ibizaliving.net\\\/wp-content\\\/uploads\\\/2019\\\/11\\\/social-share-about-team.jpg\",\"datePublished\":\"2019-11-15T13:32:47+00:00\",\"dateModified\":\"2023-11-13T07:24:39+00:00\",\"description\":\"El equipo de IBIZALIVING cree en la importancia de la filosof\u00eda del dise\u00f1o natural aplicada a la arquitectura; buscando soluciones sostenibles y naturales para un estilo de vida mejor y m\u00e1s saludable.\",\"breadcrumb\":{\"@id\":\"https:\\\/\\\/www.ibizaliving.net\\\/about\\\/the-team\\\/#breadcrumb\"},\"inLanguage\":\"es\",\"potentialAction\":[{\"@type\":\"ReadAction\",\"target\":[\"https:\\\/\\\/www.ibizaliving.net\\\/about\\\/the-team\\\/\"]}]},{\"@type\":\"ImageObject\",\"inLanguage\":\"es\",\"@id\":\"https:\\\/\\\/www.ibizaliving.net\\\/about\\\/the-team\\\/#primaryimage\",\"url\":\"https:\\\/\\\/www.ibizaliving.net\\\/wp-content\\\/uploads\\\/2019\\\/11\\\/social-share-about-team.jpg\",\"contentUrl\":\"https:\\\/\\\/www.ibizaliving.net\\\/wp-content\\\/uploads\\\/2019\\\/11\\\/social-share-about-team.jpg\",\"width\":1200,\"height\":628},{\"@type\":\"BreadcrumbList\",\"@id\":\"https:\\\/\\\/www.ibizaliving.net\\\/about\\\/the-team\\\/#breadcrumb\",\"itemListElement\":[{\"@type\":\"ListItem\",\"position\":1,\"name\":\"Home\",\"item\":\"https:\\\/\\\/www.ibizaliving.net\\\/es\\\/\"},{\"@type\":\"ListItem\",\"position\":2,\"name\":\"SOBRE NOSOTROS\",\"item\":\"https:\\\/\\\/www.ibizaliving.net\\\/about\\\/\"},{\"@type\":\"ListItem\",\"position\":3,\"name\":\"EL EQUIPO\"}]},{\"@type\":\"WebSite\",\"@id\":\"https:\\\/\\\/www.ibizaliving.net\\\/#website\",\"url\":\"https:\\\/\\\/www.ibizaliving.net\\\/\",\"name\":\"IBIZALIVING Natural Lifestyle Architects Firm in IBIZA Spain\",\"description\":\"Nature is our home\",\"publisher\":{\"@id\":\"https:\\\/\\\/www.ibizaliving.net\\\/#organization\"},\"potentialAction\":[{\"@type\":\"SearchAction\",\"target\":{\"@type\":\"EntryPoint\",\"urlTemplate\":\"https:\\\/\\\/www.ibizaliving.net\\\/?s={search_term_string}\"},\"query-input\":{\"@type\":\"PropertyValueSpecification\",\"valueRequired\":true,\"valueName\":\"search_term_string\"}}],\"inLanguage\":\"es\"},{\"@type\":\"Organization\",\"@id\":\"https:\\\/\\\/www.ibizaliving.net\\\/#organization\",\"name\":\"IBIZALIVING\",\"url\":\"https:\\\/\\\/www.ibizaliving.net\\\/\",\"logo\":{\"@type\":\"ImageObject\",\"inLanguage\":\"es\",\"@id\":\"https:\\\/\\\/www.ibizaliving.net\\\/#\\\/schema\\\/logo\\\/image\\\/\",\"url\":\"https:\\\/\\\/www.ibizaliving.net\\\/wp-content\\\/uploads\\\/2019\\\/11\\\/Logo-Ibizaliving-300-2.png\",\"contentUrl\":\"https:\\\/\\\/www.ibizaliving.net\\\/wp-content\\\/uploads\\\/2019\\\/11\\\/Logo-Ibizaliving-300-2.png\",\"width\":300,\"height\":130,\"caption\":\"IBIZALIVING\"},\"image\":{\"@id\":\"https:\\\/\\\/www.ibizaliving.net\\\/#\\\/schema\\\/logo\\\/image\\\/\"}}]}<\/script>\n<!-- \/ Yoast SEO plugin. -->","yoast_head_json":{"title":"El equipo de IBIZALIVING Estudio de Arquitectura en IBIZA Espa\u00f1a","description":"El equipo de IBIZALIVING cree en la importancia de la filosof\u00eda del dise\u00f1o natural aplicada a la arquitectura; buscando soluciones sostenibles y naturales para un estilo de vida mejor y m\u00e1s saludable.","robots":{"index":"index","follow":"follow","max-snippet":"max-snippet:-1","max-image-preview":"max-image-preview:large","max-video-preview":"max-video-preview:-1"},"canonical":"https:\/\/www.ibizaliving.net\/about\/the-team\/","og_locale":"es_ES","og_type":"article","og_title":"El equipo de IBIZALIVING Estudio de Arquitectura en IBIZA Espa\u00f1a","og_description":"El equipo de IBIZALIVING cree en la importancia de la filosof\u00eda del dise\u00f1o natural aplicada a la arquitectura; buscando soluciones sostenibles y naturales para un estilo de vida mejor y m\u00e1s saludable.","og_url":"https:\/\/www.ibizaliving.net\/about\/the-team\/","og_site_name":"IBIZALIVING Natural Lifestyle Architects Firm in IBIZA Spain","article_modified_time":"2023-11-13T07:24:39+00:00","og_image":[{"width":1200,"height":628,"url":"https:\/\/www.ibizaliving.net\/wp-content\/uploads\/2019\/11\/social-share-about-team.jpg","type":"image\/jpeg"}],"twitter_card":"summary_large_image","twitter_misc":{"Tiempo de lectura":"2 minutos"},"schema":{"@context":"https:\/\/schema.org","@graph":[{"@type":"WebPage","@id":"https:\/\/www.ibizaliving.net\/about\/the-team\/","url":"https:\/\/www.ibizaliving.net\/about\/the-team\/","name":"El equipo de IBIZALIVING Estudio de Arquitectura en IBIZA Espa\u00f1a","isPartOf":{"@id":"https:\/\/www.ibizaliving.net\/#website"},"primaryImageOfPage":{"@id":"https:\/\/www.ibizaliving.net\/about\/the-team\/#primaryimage"},"image":{"@id":"https:\/\/www.ibizaliving.net\/about\/the-team\/#primaryimage"},"thumbnailUrl":"https:\/\/www.ibizaliving.net\/wp-content\/uploads\/2019\/11\/social-share-about-team.jpg","datePublished":"2019-11-15T13:32:47+00:00","dateModified":"2023-11-13T07:24:39+00:00","description":"El equipo de IBIZALIVING cree en la importancia de la filosof\u00eda del dise\u00f1o natural aplicada a la arquitectura; buscando soluciones sostenibles y naturales para un estilo de vida mejor y m\u00e1s saludable.","breadcrumb":{"@id":"https:\/\/www.ibizaliving.net\/about\/the-team\/#breadcrumb"},"inLanguage":"es","potentialAction":[{"@type":"ReadAction","target":["https:\/\/www.ibizaliving.net\/about\/the-team\/"]}]},{"@type":"ImageObject","inLanguage":"es","@id":"https:\/\/www.ibizaliving.net\/about\/the-team\/#primaryimage","url":"https:\/\/www.ibizaliving.net\/wp-content\/uploads\/2019\/11\/social-share-about-team.jpg","contentUrl":"https:\/\/www.ibizaliving.net\/wp-content\/uploads\/2019\/11\/social-share-about-team.jpg","width":1200,"height":628},{"@type":"BreadcrumbList","@id":"https:\/\/www.ibizaliving.net\/about\/the-team\/#breadcrumb","itemListElement":[{"@type":"ListItem","position":1,"name":"Home","item":"https:\/\/www.ibizaliving.net\/es\/"},{"@type":"ListItem","position":2,"name":"SOBRE NOSOTROS","item":"https:\/\/www.ibizaliving.net\/about\/"},{"@type":"ListItem","position":3,"name":"EL EQUIPO"}]},{"@type":"WebSite","@id":"https:\/\/www.ibizaliving.net\/#website","url":"https:\/\/www.ibizaliving.net\/","name":"IBIZALIVING Natural Lifestyle Architects Firm in IBIZA Spain","description":"Nature is our home","publisher":{"@id":"https:\/\/www.ibizaliving.net\/#organization"},"potentialAction":[{"@type":"SearchAction","target":{"@type":"EntryPoint","urlTemplate":"https:\/\/www.ibizaliving.net\/?s={search_term_string}"},"query-input":{"@type":"PropertyValueSpecification","valueRequired":true,"valueName":"search_term_string"}}],"inLanguage":"es"},{"@type":"Organization","@id":"https:\/\/www.ibizaliving.net\/#organization","name":"IBIZALIVING","url":"https:\/\/www.ibizaliving.net\/","logo":{"@type":"ImageObject","inLanguage":"es","@id":"https:\/\/www.ibizaliving.net\/#\/schema\/logo\/image\/","url":"https:\/\/www.ibizaliving.net\/wp-content\/uploads\/2019\/11\/Logo-Ibizaliving-300-2.png","contentUrl":"https:\/\/www.ibizaliving.net\/wp-content\/uploads\/2019\/11\/Logo-Ibizaliving-300-2.png","width":300,"height":130,"caption":"IBIZALIVING"},"image":{"@id":"https:\/\/www.ibizaliving.net\/#\/schema\/logo\/image\/"}}]}},"_links":{"self":[{"href":"https:\/\/www.ibizaliving.net\/es\/wp-json\/wp\/v2\/pages\/9447","targetHints":{"allow":["GET"]}}],"collection":[{"href":"https:\/\/www.ibizaliving.net\/es\/wp-json\/wp\/v2\/pages"}],"about":[{"href":"https:\/\/www.ibizaliving.net\/es\/wp-json\/wp\/v2\/types\/page"}],"author":[{"embeddable":true,"href":"https:\/\/www.ibizaliving.net\/es\/wp-json\/wp\/v2\/users\/10"}],"replies":[{"embeddable":true,"href":"https:\/\/www.ibizaliving.net\/es\/wp-json\/wp\/v2\/comments?post=9447"}],"version-history":[{"count":5,"href":"https:\/\/www.ibizaliving.net\/es\/wp-json\/wp\/v2\/pages\/9447\/revisions"}],"predecessor-version":[{"id":9627,"href":"https:\/\/www.ibizaliving.net\/es\/wp-json\/wp\/v2\/pages\/9447\/revisions\/9627"}],"up":[{"embeddable":true,"href":"https:\/\/www.ibizaliving.net\/es\/wp-json\/wp\/v2\/pages\/9430"}],"wp:featuredmedia":[{"embeddable":true,"href":"https:\/\/www.ibizaliving.net\/es\/wp-json\/wp\/v2\/media\/9061"}],"wp:attachment":[{"href":"https:\/\/www.ibizaliving.net\/es\/wp-json\/wp\/v2\/media?parent=9447"}],"curies":[{"name":"wp","href":"https:\/\/api.w.org\/{rel}","templated":true}]}}