{"id":9434,"date":"2019-11-15T14:35:18","date_gmt":"2019-11-15T13:35:18","guid":{"rendered":"https:\/\/www.ibizaliving.net\/sobre-nosotros\/elementos-de-5-logos\/"},"modified":"2023-11-13T08:25:00","modified_gmt":"2023-11-13T07:25:00","slug":"logotipo-de-5-elementos","status":"publish","type":"page","link":"https:\/\/www.ibizaliving.net\/es\/sobre-nosotros\/logotipo-de-5-elementos\/","title":{"rendered":"LOGOTIPO DE 5 ELEMENTOS"},"content":{"rendered":"<div class=\"wpb-content-wrapper\"><p>[vc_row content_placement=\u00bbtop\u00bb css=\u00bb.vc_custom_1574012548597{margin-top: 120px !important;}\u00bb][vc_column css_animation=\u00bbfadeIn\u00bb][vc_single_image image=\u00bb6700&#8243; img_size=\u00bbfull\u00bb css_animation=\u00bbfadeIn\u00bb][vc_column_text]<br \/>\n[\/vc_column_text][\/vc_column][\/vc_row][vc_row css=\u00bb.vc_custom_1573918066163{margin-top: 0px !important;margin-right: 40px !important;margin-left: 40px !important;}\u00bb][vc_column][vc_column_text]<br \/>\n[\/vc_column_text][vc_column_text css_animation=\u00bbfadeIn\u00bb]<\/p>\n<h3 style=\"text-align: center;\">\u00abMant\u00e9ngase en el centro y estar\u00e1 preparado para moverse en cualquier direcci\u00f3n\u00bb.<br \/>\nAlan Watts<\/h3>\n<p>[\/vc_column_text][\/vc_column][\/vc_row][vc_row css=\u00bb.vc_custom_1574009600780{margin-top: 0px !important;margin-right: 40px !important;margin-bottom: 30px !important;margin-left: 40px !important;}\u00bb][vc_column width=\u00bb1\/6&#8243;][vc_column_text]<br \/>\n[\/vc_column_text][\/vc_column][vc_column width=\u00bb2\/3&#8243;][vc_column_text css_animation=\u00bbfadeIn\u00bb css=\u00bb.vc_custom_1574010481558{margin-top: 30px !important;}\u00bb]El logotipo de los Cinco Elementos de IBIZALIVING ha sido dise\u00f1ado bas\u00e1ndose en nuestra visi\u00f3n central y en los principios de la Geometr\u00eda Sagrada; para elevar la vibraci\u00f3n energ\u00e9tica positiva de todas las cosas que se cruzan en su camino. Simboliza el individualismo natural y la armon\u00eda equilibrada en su conjunto.<\/p>\n<p>Los cinco elementos Fuego, Aire, Tierra, Agua y Espacio son la base de toda la creaci\u00f3n c\u00f3smica. Tienen caracter\u00edsticas diferentes, dan cuenta de distintas facultades de la experiencia humana y est\u00e1n en constante relaci\u00f3n entre s\u00ed. Al honrar los distintos elementos y sus energ\u00edas primigenias, vivimos en mayor armon\u00eda con la naturaleza<\/p>\n<p><strong>Espacio (Aakaasha)<\/strong> &#8211; es la regi\u00f3n interminable m\u00e1s all\u00e1 de la Tierra en la que no s\u00f3lo existe nuestro Sistema Solar sino toda la Galaxia. Proporciona cobijo a los otros cuatro elementos. Las fuerzas efectivas del Espacio son la luz, el calor, la gravedad, el campo magn\u00e9tico y las ondas.<\/p>\n<p><strong>Aire (Vaayu)<\/strong> &#8211; se asocia con la direcci\u00f3n noroeste. La atm\u00f3sfera sobre la Tierra se compone de Ox\u00edgeno (21%), Nitr\u00f3geno (78%) Di\u00f3xido de Carbono, vapor de agua, Polvo, etc., todos ellos esenciales para que prosperen los seres vivos e incluso el fuego. Los valores del confort f\u00edsico humano dependen directa y sensiblemente de la humedad correcta, el flujo de aire, la temperatura del aire, la presi\u00f3n atmosf\u00e9rica, la composici\u00f3n del aire y su contenido.<\/p>\n<p><strong>Fuego (Agni)<\/strong> &#8211; se asocia con la direcci\u00f3n sureste. Representa la luz y el calor sin los cuales la vida se extinguir\u00eda. Tambi\u00e9n representa los d\u00edas y las noches, las estaciones, la energ\u00eda, los rel\u00e1mpagos, el calor volc\u00e1nico y todos los dem\u00e1s aspectos del Sol y del sistema solar. El entusiasmo, la pasi\u00f3n, el vigor en los seres vivos se deben \u00fanicamente a la luz y al calor.<\/p>\n<p><strong>Agua (Jala)<\/strong> &#8211; se asocia con la direcci\u00f3n noreste. Est\u00e1 representada por la lluvia, el r\u00edo, el mar y se presenta en forma l\u00edquida (agua), s\u00f3lida (hielo) y gaseosa (vapor, nube). Es una combinaci\u00f3n de Hidr\u00f3geno y Ox\u00edgeno en la proporci\u00f3n de 2:1 y es perfectamente neutra. Todas las plantas y animales est\u00e1n compuestos de agua en diferentes proporciones.<\/p>\n<p><strong>Tierra (Bhumi)<\/strong> &#8211; se asocia con la direcci\u00f3n suroeste. La Tierra, el tercer planeta en orden desde el Sol, es un gran im\u00e1n con los polos norte y sur como centros de atracci\u00f3n. Su campo magn\u00e9tico y su fuerza gravitatoria tienen un efecto considerable sobre todo lo que hay en la Tierra, vivo y no vivo. La Tierra gira sobre su eje de Oeste a Este, lo que da lugar al d\u00eda y a la noche. Gira alrededor del Sol una vez al a\u00f1o (365,25 d\u00edas) y est\u00e1 inclinada en un \u00e1ngulo de 23,5 grados, debido a lo cual se forman las estaciones.[\/vc_column_text][\/vc_column][vc_column width=\u00bb1\/6&#8243;][\/vc_column][\/vc_row][vc_row css=\u00bb.vc_custom_1574009616240{margin-top: 20px !important;margin-bottom: 30px !important;}\u00bb][vc_column width=\u00bb1\/4&#8243;][vc_single_image image=\u00bb6704&#8243; img_size=\u00bbfull\u00bb alignment=\u00bbcenter\u00bb onclick=\u00bbcustom_link\u00bb css_animation=\u00bbfadeIn\u00bb link=\u00bbhttps:\/\/www.ibizaliving.net\/es\/sobre-nosotros\/los-arquitectos\/\u00bb title=\u00bbLOS ARQUITECTOS\u00bb][\/vc_column][vc_column width=\u00bb1\/4&#8243;][vc_single_image image=\u00bb6705&#8243; img_size=\u00bbfull\u00bb alignment=\u00bbcenter\u00bb onclick=\u00bbcustom_link\u00bb css_animation=\u00bbfadeIn\u00bb link=\u00bbhttps:\/\/www.ibizaliving.net\/es\/sobre-nosotros\/el-equipo\/\u00bb title=\u00bbEL EQUIPO\u00bb][\/vc_column][vc_column width=\u00bb1\/4&#8243;][vc_single_image image=\u00bb6702&#8243; img_size=\u00bbfull\u00bb alignment=\u00bbcenter\u00bb onclick=\u00bbcustom_link\u00bb css_animation=\u00bbfadeIn\u00bb title=\u00bbARQUITECTURA IBICENCA\u00bb link=\u00bbhttps:\/\/www.ibizaliving.net\/es\/sobre-nosotros\/arquitectura-ibicenca\/\u00bb][\/vc_column][vc_column width=\u00bb1\/4&#8243;][vc_single_image image=\u00bb6706&#8243; img_size=\u00bbfull\u00bb alignment=\u00bbcenter\u00bb onclick=\u00bbcustom_link\u00bb css_animation=\u00bbfadeIn\u00bb title=\u00bbGEOMETR\u00cdA SAGRADA\u00bb link=\u00bbhttps:\/\/www.ibizaliving.net\/es\/sobre-nosotros\/geometria-sagrada\/\u00bb][\/vc_column][\/vc_row][vc_row css=\u00bb.vc_custom_1540565719532{margin-right: 25px !important;margin-left: 25px !important;}\u00bb][vc_column width=\u00bb1\/6&#8243;][\/vc_column][vc_column width=\u00bb2\/3&#8243;]<div class=\"edgtf-section-title-holder  edgtf-st-standard  edgtf-st-position-left edgtf-appear-fx\" style=\"text-align: center\">\n\t\t<div class=\"edgtf-st-inner\">\n                    <div class=\"edgtf-st-title-holder\">\n                <h2 class=\"edgtf-st-title\" >\n                    PRINCIPIOS<br \/>                <\/h2>\n            <\/div>\n\t\t\t\t\t<\/div>\n    <\/div>[vc_column_text]<\/p>\n<p style=\"text-align: center;\">Dise\u00f1amos casas utilizando los <strong>principios del dise\u00f1o<\/strong> arquitect\u00f3nico de formas y proporciones, orientaci\u00f3n y energ\u00eda, entorno y material. Todos los <strong>proyectos de casas<\/strong> de dise\u00f1o buscan el equilibrio y la conexi\u00f3n con su entorno natural.<\/p>\n<p style=\"text-align: center;\"><strong>Aspire a dise\u00f1ar y construir su casa de estilo ibicenco en cualquier parte del mundo.<\/strong><\/p>\n<p>[\/vc_column_text][vc_btn title=\u00bbPRINCIPIOS\u00bb style=\u00bboutline\u00bb shape=\u00bbsquare\u00bb color=\u00bbinverse\u00bb size=\u00bblg\u00bb align=\u00bbcenter\u00bb css=\u00bb.vc_custom_1699604549599{margin-top: 20px !important;}\u00bb link=\u00bburl:https%3A%2F%2Fwww.ibizaliving.net%2Fes%2Fprincipios%2F|title:PRINCIPIOS\u00bb][vc_empty_space height=\u00bb75px\u00bb][\/vc_column][vc_column width=\u00bb1\/6&#8243;][\/vc_column][\/vc_row]<\/p>\n<\/div><span class=\"et_bloom_bottom_trigger\"><\/span>","protected":false},"excerpt":{"rendered":"<p> [&hellip;]<\/p>\n","protected":false},"author":10,"featured_media":9042,"parent":9430,"menu_order":0,"comment_status":"closed","ping_status":"closed","template":"full-width.php","meta":{"rs_blank_template":"","rs_page_bg_color":"","slide_template_v7":"","footnotes":""},"class_list":["post-9434","page","type-page","status-publish","has-post-thumbnail","hentry"],"yoast_head":"<!-- This site is optimized with the Yoast SEO plugin v27.3 - https:\/\/yoast.com\/product\/yoast-seo-wordpress\/ -->\n<title>Firma de Arquitectos 5 Elementos Logo - Dise\u00f1o de Arquitectura y Geometr\u00eda Sagrada<\/title>\n<meta name=\"description\" content=\"El logotipo de los Cinco Elementos de IBIZALIVING ha sido dise\u00f1ado bas\u00e1ndose en nuestra visi\u00f3n central y en los principios de la Geometr\u00eda Sagrada;\" \/>\n<meta name=\"robots\" content=\"index, follow, max-snippet:-1, max-image-preview:large, max-video-preview:-1\" \/>\n<link rel=\"canonical\" href=\"https:\/\/www.ibizaliving.net\/about\/5-elements-logo\/\" \/>\n<meta property=\"og:locale\" content=\"es_ES\" \/>\n<meta property=\"og:type\" content=\"article\" \/>\n<meta property=\"og:title\" content=\"Firma de Arquitectos 5 Elementos Logo - Dise\u00f1o de Arquitectura y Geometr\u00eda Sagrada\" \/>\n<meta property=\"og:description\" content=\"El logotipo de los Cinco Elementos de IBIZALIVING ha sido dise\u00f1ado bas\u00e1ndose en nuestra visi\u00f3n central y en los principios de la Geometr\u00eda Sagrada;\" \/>\n<meta property=\"og:url\" content=\"https:\/\/www.ibizaliving.net\/about\/5-elements-logo\/\" \/>\n<meta property=\"og:site_name\" content=\"IBIZALIVING Natural Lifestyle Architects Firm in IBIZA Spain\" \/>\n<meta property=\"article:modified_time\" content=\"2023-11-13T07:25:00+00:00\" \/>\n<meta property=\"og:image\" content=\"https:\/\/www.ibizaliving.net\/wp-content\/uploads\/2019\/11\/social-share-5elements-logo.jpg\" \/>\n\t<meta property=\"og:image:width\" content=\"1200\" \/>\n\t<meta property=\"og:image:height\" content=\"628\" \/>\n\t<meta property=\"og:image:type\" content=\"image\/jpeg\" \/>\n<meta name=\"twitter:card\" content=\"summary_large_image\" \/>\n<meta name=\"twitter:label1\" content=\"Tiempo de lectura\" \/>\n\t<meta name=\"twitter:data1\" content=\"3 minutos\" \/>\n<script type=\"application\/ld+json\" class=\"yoast-schema-graph\">{\"@context\":\"https:\\\/\\\/schema.org\",\"@graph\":[{\"@type\":\"WebPage\",\"@id\":\"https:\\\/\\\/www.ibizaliving.net\\\/about\\\/5-elements-logo\\\/\",\"url\":\"https:\\\/\\\/www.ibizaliving.net\\\/about\\\/5-elements-logo\\\/\",\"name\":\"Firma de Arquitectos 5 Elementos Logo - Dise\u00f1o de Arquitectura y Geometr\u00eda Sagrada\",\"isPartOf\":{\"@id\":\"https:\\\/\\\/www.ibizaliving.net\\\/#website\"},\"primaryImageOfPage\":{\"@id\":\"https:\\\/\\\/www.ibizaliving.net\\\/about\\\/5-elements-logo\\\/#primaryimage\"},\"image\":{\"@id\":\"https:\\\/\\\/www.ibizaliving.net\\\/about\\\/5-elements-logo\\\/#primaryimage\"},\"thumbnailUrl\":\"https:\\\/\\\/www.ibizaliving.net\\\/wp-content\\\/uploads\\\/2019\\\/11\\\/social-share-5elements-logo.jpg\",\"datePublished\":\"2019-11-15T13:35:18+00:00\",\"dateModified\":\"2023-11-13T07:25:00+00:00\",\"description\":\"El logotipo de los Cinco Elementos de IBIZALIVING ha sido dise\u00f1ado bas\u00e1ndose en nuestra visi\u00f3n central y en los principios de la Geometr\u00eda Sagrada;\",\"breadcrumb\":{\"@id\":\"https:\\\/\\\/www.ibizaliving.net\\\/about\\\/5-elements-logo\\\/#breadcrumb\"},\"inLanguage\":\"es\",\"potentialAction\":[{\"@type\":\"ReadAction\",\"target\":[\"https:\\\/\\\/www.ibizaliving.net\\\/about\\\/5-elements-logo\\\/\"]}]},{\"@type\":\"ImageObject\",\"inLanguage\":\"es\",\"@id\":\"https:\\\/\\\/www.ibizaliving.net\\\/about\\\/5-elements-logo\\\/#primaryimage\",\"url\":\"https:\\\/\\\/www.ibizaliving.net\\\/wp-content\\\/uploads\\\/2019\\\/11\\\/social-share-5elements-logo.jpg\",\"contentUrl\":\"https:\\\/\\\/www.ibizaliving.net\\\/wp-content\\\/uploads\\\/2019\\\/11\\\/social-share-5elements-logo.jpg\",\"width\":1200,\"height\":628},{\"@type\":\"BreadcrumbList\",\"@id\":\"https:\\\/\\\/www.ibizaliving.net\\\/about\\\/5-elements-logo\\\/#breadcrumb\",\"itemListElement\":[{\"@type\":\"ListItem\",\"position\":1,\"name\":\"Home\",\"item\":\"https:\\\/\\\/www.ibizaliving.net\\\/es\\\/\"},{\"@type\":\"ListItem\",\"position\":2,\"name\":\"SOBRE NOSOTROS\",\"item\":\"https:\\\/\\\/www.ibizaliving.net\\\/about\\\/\"},{\"@type\":\"ListItem\",\"position\":3,\"name\":\"LOGOTIPO DE 5 ELEMENTOS\"}]},{\"@type\":\"WebSite\",\"@id\":\"https:\\\/\\\/www.ibizaliving.net\\\/#website\",\"url\":\"https:\\\/\\\/www.ibizaliving.net\\\/\",\"name\":\"IBIZALIVING Natural Lifestyle Architects Firm in IBIZA Spain\",\"description\":\"Nature is our home\",\"publisher\":{\"@id\":\"https:\\\/\\\/www.ibizaliving.net\\\/#organization\"},\"potentialAction\":[{\"@type\":\"SearchAction\",\"target\":{\"@type\":\"EntryPoint\",\"urlTemplate\":\"https:\\\/\\\/www.ibizaliving.net\\\/?s={search_term_string}\"},\"query-input\":{\"@type\":\"PropertyValueSpecification\",\"valueRequired\":true,\"valueName\":\"search_term_string\"}}],\"inLanguage\":\"es\"},{\"@type\":\"Organization\",\"@id\":\"https:\\\/\\\/www.ibizaliving.net\\\/#organization\",\"name\":\"IBIZALIVING\",\"url\":\"https:\\\/\\\/www.ibizaliving.net\\\/\",\"logo\":{\"@type\":\"ImageObject\",\"inLanguage\":\"es\",\"@id\":\"https:\\\/\\\/www.ibizaliving.net\\\/#\\\/schema\\\/logo\\\/image\\\/\",\"url\":\"https:\\\/\\\/www.ibizaliving.net\\\/wp-content\\\/uploads\\\/2019\\\/11\\\/Logo-Ibizaliving-300-2.png\",\"contentUrl\":\"https:\\\/\\\/www.ibizaliving.net\\\/wp-content\\\/uploads\\\/2019\\\/11\\\/Logo-Ibizaliving-300-2.png\",\"width\":300,\"height\":130,\"caption\":\"IBIZALIVING\"},\"image\":{\"@id\":\"https:\\\/\\\/www.ibizaliving.net\\\/#\\\/schema\\\/logo\\\/image\\\/\"}}]}<\/script>\n<!-- \/ Yoast SEO plugin. -->","yoast_head_json":{"title":"Firma de Arquitectos 5 Elementos Logo - Dise\u00f1o de Arquitectura y Geometr\u00eda Sagrada","description":"El logotipo de los Cinco Elementos de IBIZALIVING ha sido dise\u00f1ado bas\u00e1ndose en nuestra visi\u00f3n central y en los principios de la Geometr\u00eda Sagrada;","robots":{"index":"index","follow":"follow","max-snippet":"max-snippet:-1","max-image-preview":"max-image-preview:large","max-video-preview":"max-video-preview:-1"},"canonical":"https:\/\/www.ibizaliving.net\/about\/5-elements-logo\/","og_locale":"es_ES","og_type":"article","og_title":"Firma de Arquitectos 5 Elementos Logo - Dise\u00f1o de Arquitectura y Geometr\u00eda Sagrada","og_description":"El logotipo de los Cinco Elementos de IBIZALIVING ha sido dise\u00f1ado bas\u00e1ndose en nuestra visi\u00f3n central y en los principios de la Geometr\u00eda Sagrada;","og_url":"https:\/\/www.ibizaliving.net\/about\/5-elements-logo\/","og_site_name":"IBIZALIVING Natural Lifestyle Architects Firm in IBIZA Spain","article_modified_time":"2023-11-13T07:25:00+00:00","og_image":[{"width":1200,"height":628,"url":"https:\/\/www.ibizaliving.net\/wp-content\/uploads\/2019\/11\/social-share-5elements-logo.jpg","type":"image\/jpeg"}],"twitter_card":"summary_large_image","twitter_misc":{"Tiempo de lectura":"3 minutos"},"schema":{"@context":"https:\/\/schema.org","@graph":[{"@type":"WebPage","@id":"https:\/\/www.ibizaliving.net\/about\/5-elements-logo\/","url":"https:\/\/www.ibizaliving.net\/about\/5-elements-logo\/","name":"Firma de Arquitectos 5 Elementos Logo - Dise\u00f1o de Arquitectura y Geometr\u00eda Sagrada","isPartOf":{"@id":"https:\/\/www.ibizaliving.net\/#website"},"primaryImageOfPage":{"@id":"https:\/\/www.ibizaliving.net\/about\/5-elements-logo\/#primaryimage"},"image":{"@id":"https:\/\/www.ibizaliving.net\/about\/5-elements-logo\/#primaryimage"},"thumbnailUrl":"https:\/\/www.ibizaliving.net\/wp-content\/uploads\/2019\/11\/social-share-5elements-logo.jpg","datePublished":"2019-11-15T13:35:18+00:00","dateModified":"2023-11-13T07:25:00+00:00","description":"El logotipo de los Cinco Elementos de IBIZALIVING ha sido dise\u00f1ado bas\u00e1ndose en nuestra visi\u00f3n central y en los principios de la Geometr\u00eda Sagrada;","breadcrumb":{"@id":"https:\/\/www.ibizaliving.net\/about\/5-elements-logo\/#breadcrumb"},"inLanguage":"es","potentialAction":[{"@type":"ReadAction","target":["https:\/\/www.ibizaliving.net\/about\/5-elements-logo\/"]}]},{"@type":"ImageObject","inLanguage":"es","@id":"https:\/\/www.ibizaliving.net\/about\/5-elements-logo\/#primaryimage","url":"https:\/\/www.ibizaliving.net\/wp-content\/uploads\/2019\/11\/social-share-5elements-logo.jpg","contentUrl":"https:\/\/www.ibizaliving.net\/wp-content\/uploads\/2019\/11\/social-share-5elements-logo.jpg","width":1200,"height":628},{"@type":"BreadcrumbList","@id":"https:\/\/www.ibizaliving.net\/about\/5-elements-logo\/#breadcrumb","itemListElement":[{"@type":"ListItem","position":1,"name":"Home","item":"https:\/\/www.ibizaliving.net\/es\/"},{"@type":"ListItem","position":2,"name":"SOBRE NOSOTROS","item":"https:\/\/www.ibizaliving.net\/about\/"},{"@type":"ListItem","position":3,"name":"LOGOTIPO DE 5 ELEMENTOS"}]},{"@type":"WebSite","@id":"https:\/\/www.ibizaliving.net\/#website","url":"https:\/\/www.ibizaliving.net\/","name":"IBIZALIVING Natural Lifestyle Architects Firm in IBIZA Spain","description":"Nature is our home","publisher":{"@id":"https:\/\/www.ibizaliving.net\/#organization"},"potentialAction":[{"@type":"SearchAction","target":{"@type":"EntryPoint","urlTemplate":"https:\/\/www.ibizaliving.net\/?s={search_term_string}"},"query-input":{"@type":"PropertyValueSpecification","valueRequired":true,"valueName":"search_term_string"}}],"inLanguage":"es"},{"@type":"Organization","@id":"https:\/\/www.ibizaliving.net\/#organization","name":"IBIZALIVING","url":"https:\/\/www.ibizaliving.net\/","logo":{"@type":"ImageObject","inLanguage":"es","@id":"https:\/\/www.ibizaliving.net\/#\/schema\/logo\/image\/","url":"https:\/\/www.ibizaliving.net\/wp-content\/uploads\/2019\/11\/Logo-Ibizaliving-300-2.png","contentUrl":"https:\/\/www.ibizaliving.net\/wp-content\/uploads\/2019\/11\/Logo-Ibizaliving-300-2.png","width":300,"height":130,"caption":"IBIZALIVING"},"image":{"@id":"https:\/\/www.ibizaliving.net\/#\/schema\/logo\/image\/"}}]}},"_links":{"self":[{"href":"https:\/\/www.ibizaliving.net\/es\/wp-json\/wp\/v2\/pages\/9434","targetHints":{"allow":["GET"]}}],"collection":[{"href":"https:\/\/www.ibizaliving.net\/es\/wp-json\/wp\/v2\/pages"}],"about":[{"href":"https:\/\/www.ibizaliving.net\/es\/wp-json\/wp\/v2\/types\/page"}],"author":[{"embeddable":true,"href":"https:\/\/www.ibizaliving.net\/es\/wp-json\/wp\/v2\/users\/10"}],"replies":[{"embeddable":true,"href":"https:\/\/www.ibizaliving.net\/es\/wp-json\/wp\/v2\/comments?post=9434"}],"version-history":[{"count":8,"href":"https:\/\/www.ibizaliving.net\/es\/wp-json\/wp\/v2\/pages\/9434\/revisions"}],"predecessor-version":[{"id":9628,"href":"https:\/\/www.ibizaliving.net\/es\/wp-json\/wp\/v2\/pages\/9434\/revisions\/9628"}],"up":[{"embeddable":true,"href":"https:\/\/www.ibizaliving.net\/es\/wp-json\/wp\/v2\/pages\/9430"}],"wp:featuredmedia":[{"embeddable":true,"href":"https:\/\/www.ibizaliving.net\/es\/wp-json\/wp\/v2\/media\/9042"}],"wp:attachment":[{"href":"https:\/\/www.ibizaliving.net\/es\/wp-json\/wp\/v2\/media?parent=9434"}],"curies":[{"name":"wp","href":"https:\/\/api.w.org\/{rel}","templated":true}]}}