{"id":9430,"date":"2017-11-08T13:38:16","date_gmt":"2017-11-08T12:38:16","guid":{"rendered":"https:\/\/www.ibizaliving.net\/sobre-nosotros\/"},"modified":"2023-11-13T08:24:01","modified_gmt":"2023-11-13T07:24:01","slug":"sobre-nosotros","status":"publish","type":"page","link":"https:\/\/www.ibizaliving.net\/es\/sobre-nosotros\/","title":{"rendered":"SOBRE NOSOTROS"},"content":{"rendered":"<div class=\"wpb-content-wrapper\"><p>[vc_row css=\u00bb.vc_custom_1573919157904{margin-top: 100px !important;}\u00bb][vc_column css_animation=\u00bbfadeIn\u00bb][vc_single_image image=\u00bb6595&#8243; img_size=\u00bbfull\u00bb css_animation=\u00bbfadeIn\u00bb][vc_column_text]<br \/>\n[\/vc_column_text][\/vc_column][\/vc_row][vc_row][vc_column css_animation=\u00bbfadeIn\u00bb][vc_column_text]<\/p>\n<h4 style=\"text-align: center;\">AIRE: <span class=\"il\">COSAS<\/span> <span class=\"il\">QUE<\/span> CRECEN, SE EXPANDEN Y GOZAN DE LIBERTAD DE MOVIMIENTO<\/h4>\n<p>[\/vc_column_text][\/vc_column][\/vc_row][vc_row css=\u00bb.vc_custom_1574331310221{margin-top: 30px !important;}\u00bb][vc_column width=\u00bb1\/5&#8243;][vc_single_image image=\u00bb6703&#8243; img_size=\u00bbfull\u00bb alignment=\u00bbcenter\u00bb onclick=\u00bbcustom_link\u00bb css_animation=\u00bbfadeIn\u00bb title=\u00bbLOGOTIPO DE 5 ELEMENTOS\u00bb link=\u00bbhttps:\/\/www.ibizaliving.net\/es\/sobre-nosotros\/logotipo-de-5-elementos\/\u00bb][\/vc_column][vc_column width=\u00bb1\/5&#8243;][vc_single_image image=\u00bb6704&#8243; img_size=\u00bbfull\u00bb alignment=\u00bbcenter\u00bb onclick=\u00bbcustom_link\u00bb css_animation=\u00bbfadeIn\u00bb link=\u00bbhttps:\/\/www.ibizaliving.net\/es\/sobre-nosotros\/los-arquitectos\/\u00bb title=\u00bbLOS ARQUITECTOS\u00bb][\/vc_column][vc_column width=\u00bb1\/5&#8243;][vc_single_image image=\u00bb6705&#8243; img_size=\u00bbfull\u00bb alignment=\u00bbcenter\u00bb onclick=\u00bbcustom_link\u00bb css_animation=\u00bbfadeIn\u00bb link=\u00bbhttps:\/\/www.ibizaliving.net\/es\/sobre-nosotros\/el-equipo\/\u00bb title=\u00bbEL EQUIPO\u00bb][\/vc_column][vc_column width=\u00bb1\/5&#8243;][vc_single_image image=\u00bb6702&#8243; img_size=\u00bbfull\u00bb alignment=\u00bbcenter\u00bb onclick=\u00bbcustom_link\u00bb css_animation=\u00bbfadeIn\u00bb title=\u00bbARQUITECTURA IBICENCA\u00bb link=\u00bbhttps:\/\/www.ibizaliving.net\/es\/sobre-nosotros\/arquitectura-ibicenca\/\u00bb][\/vc_column][vc_column width=\u00bb1\/5&#8243;][vc_single_image image=\u00bb6706&#8243; img_size=\u00bbfull\u00bb alignment=\u00bbcenter\u00bb onclick=\u00bbcustom_link\u00bb css_animation=\u00bbfadeIn\u00bb title=\u00bbGEOMETR\u00cdA SAGRADA\u00bb link=\u00bbhttps:\/\/www.ibizaliving.net\/es\/sobre-nosotros\/geometria-sagrada\/\u00bb][\/vc_column][\/vc_row][vc_row css=\u00bb.vc_custom_1576668937547{margin-top: 0px !important;margin-right: 40px !important;margin-bottom: 30px !important;margin-left: 40px !important;}\u00bb][vc_column width=\u00bb1\/6&#8243;][vc_column_text]<br \/>\n[\/vc_column_text][vc_empty_space height=\u00bb50px\u00bb][\/vc_column][vc_column width=\u00bb2\/3&#8243;][vc_column_text]<\/p>\n<p style=\"text-align: center;\">Obtenga m\u00e1s informaci\u00f3n sobre nuestro estudio de arquitectura en Ibiza, y la conexi\u00f3n entre su cartera de arquitectos y su filosof\u00eda de trabajo: una arquitectura y un estilo de vida sostenibles y saludables.<\/p>\n<p>[\/vc_column_text][\/vc_column][vc_column width=\u00bb1\/6&#8243;][\/vc_column][\/vc_row][vc_row css=\u00bb.vc_custom_1540565719532{margin-right: 25px !important;margin-left: 25px !important;}\u00bb][vc_column width=\u00bb1\/6&#8243;][\/vc_column][vc_column width=\u00bb2\/3&#8243;]<div class=\"edgtf-section-title-holder  edgtf-st-standard  edgtf-st-position-left edgtf-appear-fx\" style=\"text-align: center\">\n\t\t<div class=\"edgtf-st-inner\">\n                    <div class=\"edgtf-st-title-holder\">\n                <h2 class=\"edgtf-st-title\" >\n                    PRINCIPIOS<br \/>                <\/h2>\n            <\/div>\n\t\t\t\t\t<\/div>\n    <\/div>[vc_column_text]<\/p>\n<p style=\"text-align: center;\">Dise\u00f1amos casas utilizando los <strong>principios del dise\u00f1o<\/strong> arquitect\u00f3nico de formas y proporciones, orientaci\u00f3n y energ\u00eda, entorno y material. Todos los <strong>proyectos de casas<\/strong> de dise\u00f1o buscan el equilibrio y la conexi\u00f3n con su entorno natural.<\/p>\n<p style=\"text-align: center;\"><strong>Aspire a dise\u00f1ar y construir su casa de estilo ibicenco en cualquier parte del mundo.<\/strong><\/p>\n<p>[\/vc_column_text][vc_btn title=\u00bbPRINCIPIOS\u00bb style=\u00bboutline\u00bb shape=\u00bbsquare\u00bb color=\u00bbinverse\u00bb size=\u00bblg\u00bb align=\u00bbcenter\u00bb css=\u00bb.vc_custom_1699604424279{margin-top: 20px !important;}\u00bb link=\u00bburl:https%3A%2F%2Fwww.ibizaliving.net%2Fes%2Fprincipios%2F|title:PRINCIPIOS\u00bb][vc_empty_space height=\u00bb75px\u00bb][\/vc_column][vc_column width=\u00bb1\/6&#8243;][\/vc_column][\/vc_row]<\/p>\n<\/div><span class=\"et_bloom_bottom_trigger\"><\/span>","protected":false},"excerpt":{"rendered":"<p> [&hellip;]<\/p>\n","protected":false},"author":9,"featured_media":9031,"parent":0,"menu_order":0,"comment_status":"closed","ping_status":"closed","template":"full-width.php","meta":{"rs_blank_template":"","rs_page_bg_color":"","slide_template_v7":"","footnotes":""},"class_list":["post-9430","page","type-page","status-publish","has-post-thumbnail","hentry"],"yoast_head":"<!-- This site is optimized with the Yoast SEO plugin v27.3 - https:\/\/yoast.com\/product\/yoast-seo-wordpress\/ -->\n<title>Sobre nuestro Estudio de Arquitectos en IBIZA Espa\u00f1a y Portafolio de Arquitectos Estilo de Vida Saludable<\/title>\n<meta name=\"description\" content=\"Conozca la firma de Arquitectos en IBIZA Espa\u00f1a y nuestros Arquitectos de Estilo de Vida Saludable que est\u00e1n construyendo casas de dise\u00f1o arquitect\u00f3nico en todo el mundo. Utilizamos los principios de dise\u00f1o arquitect\u00f3nico de formas y proporciones, orientaci\u00f3n y energ\u00eda, entorno y materiales. Todos los proyectos buscan el equilibrio con su entorno natural.\" \/>\n<meta name=\"robots\" content=\"index, follow, max-snippet:-1, max-image-preview:large, max-video-preview:-1\" \/>\n<link rel=\"canonical\" href=\"https:\/\/www.ibizaliving.net\/about\/\" \/>\n<meta property=\"og:locale\" content=\"es_ES\" \/>\n<meta property=\"og:type\" content=\"article\" \/>\n<meta property=\"og:title\" content=\"Sobre nuestro Estudio de Arquitectos en IBIZA Espa\u00f1a y Portafolio de Arquitectos Estilo de Vida Saludable\" \/>\n<meta property=\"og:description\" content=\"Conozca la firma de Arquitectos en IBIZA Espa\u00f1a y nuestros Arquitectos de Estilo de Vida Saludable que est\u00e1n construyendo casas de dise\u00f1o arquitect\u00f3nico en todo el mundo. Utilizamos los principios de dise\u00f1o arquitect\u00f3nico de formas y proporciones, orientaci\u00f3n y energ\u00eda, entorno y materiales. Todos los proyectos buscan el equilibrio con su entorno natural.\" \/>\n<meta property=\"og:url\" content=\"https:\/\/www.ibizaliving.net\/about\/\" \/>\n<meta property=\"og:site_name\" content=\"IBIZALIVING Natural Lifestyle Architects Firm in IBIZA Spain\" \/>\n<meta property=\"article:modified_time\" content=\"2023-11-13T07:24:01+00:00\" \/>\n<meta property=\"og:image\" content=\"https:\/\/www.ibizaliving.net\/wp-content\/uploads\/2019\/11\/featured-about1200x628-1.jpg\" \/>\n\t<meta property=\"og:image:width\" content=\"1200\" \/>\n\t<meta property=\"og:image:height\" content=\"628\" \/>\n\t<meta property=\"og:image:type\" content=\"image\/jpeg\" \/>\n<meta name=\"twitter:card\" content=\"summary_large_image\" \/>\n<meta name=\"twitter:label1\" content=\"Tiempo de lectura\" \/>\n\t<meta name=\"twitter:data1\" content=\"1 minuto\" \/>\n<script type=\"application\/ld+json\" class=\"yoast-schema-graph\">{\"@context\":\"https:\\\/\\\/schema.org\",\"@graph\":[{\"@type\":\"WebPage\",\"@id\":\"https:\\\/\\\/www.ibizaliving.net\\\/about\\\/\",\"url\":\"https:\\\/\\\/www.ibizaliving.net\\\/about\\\/\",\"name\":\"Sobre nuestro Estudio de Arquitectos en IBIZA Espa\u00f1a y Portafolio de Arquitectos Estilo de Vida Saludable\",\"isPartOf\":{\"@id\":\"https:\\\/\\\/www.ibizaliving.net\\\/#website\"},\"primaryImageOfPage\":{\"@id\":\"https:\\\/\\\/www.ibizaliving.net\\\/about\\\/#primaryimage\"},\"image\":{\"@id\":\"https:\\\/\\\/www.ibizaliving.net\\\/about\\\/#primaryimage\"},\"thumbnailUrl\":\"https:\\\/\\\/www.ibizaliving.net\\\/wp-content\\\/uploads\\\/2019\\\/11\\\/featured-about1200x628-1.jpg\",\"datePublished\":\"2017-11-08T12:38:16+00:00\",\"dateModified\":\"2023-11-13T07:24:01+00:00\",\"description\":\"Conozca la firma de Arquitectos en IBIZA Espa\u00f1a y nuestros Arquitectos de Estilo de Vida Saludable que est\u00e1n construyendo casas de dise\u00f1o arquitect\u00f3nico en todo el mundo. Utilizamos los principios de dise\u00f1o arquitect\u00f3nico de formas y proporciones, orientaci\u00f3n y energ\u00eda, entorno y materiales. Todos los proyectos buscan el equilibrio con su entorno natural.\",\"breadcrumb\":{\"@id\":\"https:\\\/\\\/www.ibizaliving.net\\\/about\\\/#breadcrumb\"},\"inLanguage\":\"es\",\"potentialAction\":[{\"@type\":\"ReadAction\",\"target\":[\"https:\\\/\\\/www.ibizaliving.net\\\/about\\\/\"]}]},{\"@type\":\"ImageObject\",\"inLanguage\":\"es\",\"@id\":\"https:\\\/\\\/www.ibizaliving.net\\\/about\\\/#primaryimage\",\"url\":\"https:\\\/\\\/www.ibizaliving.net\\\/wp-content\\\/uploads\\\/2019\\\/11\\\/featured-about1200x628-1.jpg\",\"contentUrl\":\"https:\\\/\\\/www.ibizaliving.net\\\/wp-content\\\/uploads\\\/2019\\\/11\\\/featured-about1200x628-1.jpg\",\"width\":1200,\"height\":628},{\"@type\":\"BreadcrumbList\",\"@id\":\"https:\\\/\\\/www.ibizaliving.net\\\/about\\\/#breadcrumb\",\"itemListElement\":[{\"@type\":\"ListItem\",\"position\":1,\"name\":\"Home\",\"item\":\"https:\\\/\\\/www.ibizaliving.net\\\/es\\\/\"},{\"@type\":\"ListItem\",\"position\":2,\"name\":\"SOBRE NOSOTROS\"}]},{\"@type\":\"WebSite\",\"@id\":\"https:\\\/\\\/www.ibizaliving.net\\\/#website\",\"url\":\"https:\\\/\\\/www.ibizaliving.net\\\/\",\"name\":\"IBIZALIVING Natural Lifestyle Architects Firm in IBIZA Spain\",\"description\":\"Nature is our home\",\"publisher\":{\"@id\":\"https:\\\/\\\/www.ibizaliving.net\\\/#organization\"},\"potentialAction\":[{\"@type\":\"SearchAction\",\"target\":{\"@type\":\"EntryPoint\",\"urlTemplate\":\"https:\\\/\\\/www.ibizaliving.net\\\/?s={search_term_string}\"},\"query-input\":{\"@type\":\"PropertyValueSpecification\",\"valueRequired\":true,\"valueName\":\"search_term_string\"}}],\"inLanguage\":\"es\"},{\"@type\":\"Organization\",\"@id\":\"https:\\\/\\\/www.ibizaliving.net\\\/#organization\",\"name\":\"IBIZALIVING\",\"url\":\"https:\\\/\\\/www.ibizaliving.net\\\/\",\"logo\":{\"@type\":\"ImageObject\",\"inLanguage\":\"es\",\"@id\":\"https:\\\/\\\/www.ibizaliving.net\\\/#\\\/schema\\\/logo\\\/image\\\/\",\"url\":\"https:\\\/\\\/www.ibizaliving.net\\\/wp-content\\\/uploads\\\/2019\\\/11\\\/Logo-Ibizaliving-300-2.png\",\"contentUrl\":\"https:\\\/\\\/www.ibizaliving.net\\\/wp-content\\\/uploads\\\/2019\\\/11\\\/Logo-Ibizaliving-300-2.png\",\"width\":300,\"height\":130,\"caption\":\"IBIZALIVING\"},\"image\":{\"@id\":\"https:\\\/\\\/www.ibizaliving.net\\\/#\\\/schema\\\/logo\\\/image\\\/\"}}]}<\/script>\n<!-- \/ Yoast SEO plugin. -->","yoast_head_json":{"title":"Sobre nuestro Estudio de Arquitectos en IBIZA Espa\u00f1a y Portafolio de Arquitectos Estilo de Vida Saludable","description":"Conozca la firma de Arquitectos en IBIZA Espa\u00f1a y nuestros Arquitectos de Estilo de Vida Saludable que est\u00e1n construyendo casas de dise\u00f1o arquitect\u00f3nico en todo el mundo. Utilizamos los principios de dise\u00f1o arquitect\u00f3nico de formas y proporciones, orientaci\u00f3n y energ\u00eda, entorno y materiales. Todos los proyectos buscan el equilibrio con su entorno natural.","robots":{"index":"index","follow":"follow","max-snippet":"max-snippet:-1","max-image-preview":"max-image-preview:large","max-video-preview":"max-video-preview:-1"},"canonical":"https:\/\/www.ibizaliving.net\/about\/","og_locale":"es_ES","og_type":"article","og_title":"Sobre nuestro Estudio de Arquitectos en IBIZA Espa\u00f1a y Portafolio de Arquitectos Estilo de Vida Saludable","og_description":"Conozca la firma de Arquitectos en IBIZA Espa\u00f1a y nuestros Arquitectos de Estilo de Vida Saludable que est\u00e1n construyendo casas de dise\u00f1o arquitect\u00f3nico en todo el mundo. Utilizamos los principios de dise\u00f1o arquitect\u00f3nico de formas y proporciones, orientaci\u00f3n y energ\u00eda, entorno y materiales. Todos los proyectos buscan el equilibrio con su entorno natural.","og_url":"https:\/\/www.ibizaliving.net\/about\/","og_site_name":"IBIZALIVING Natural Lifestyle Architects Firm in IBIZA Spain","article_modified_time":"2023-11-13T07:24:01+00:00","og_image":[{"width":1200,"height":628,"url":"https:\/\/www.ibizaliving.net\/wp-content\/uploads\/2019\/11\/featured-about1200x628-1.jpg","type":"image\/jpeg"}],"twitter_card":"summary_large_image","twitter_misc":{"Tiempo de lectura":"1 minuto"},"schema":{"@context":"https:\/\/schema.org","@graph":[{"@type":"WebPage","@id":"https:\/\/www.ibizaliving.net\/about\/","url":"https:\/\/www.ibizaliving.net\/about\/","name":"Sobre nuestro Estudio de Arquitectos en IBIZA Espa\u00f1a y Portafolio de Arquitectos Estilo de Vida Saludable","isPartOf":{"@id":"https:\/\/www.ibizaliving.net\/#website"},"primaryImageOfPage":{"@id":"https:\/\/www.ibizaliving.net\/about\/#primaryimage"},"image":{"@id":"https:\/\/www.ibizaliving.net\/about\/#primaryimage"},"thumbnailUrl":"https:\/\/www.ibizaliving.net\/wp-content\/uploads\/2019\/11\/featured-about1200x628-1.jpg","datePublished":"2017-11-08T12:38:16+00:00","dateModified":"2023-11-13T07:24:01+00:00","description":"Conozca la firma de Arquitectos en IBIZA Espa\u00f1a y nuestros Arquitectos de Estilo de Vida Saludable que est\u00e1n construyendo casas de dise\u00f1o arquitect\u00f3nico en todo el mundo. Utilizamos los principios de dise\u00f1o arquitect\u00f3nico de formas y proporciones, orientaci\u00f3n y energ\u00eda, entorno y materiales. Todos los proyectos buscan el equilibrio con su entorno natural.","breadcrumb":{"@id":"https:\/\/www.ibizaliving.net\/about\/#breadcrumb"},"inLanguage":"es","potentialAction":[{"@type":"ReadAction","target":["https:\/\/www.ibizaliving.net\/about\/"]}]},{"@type":"ImageObject","inLanguage":"es","@id":"https:\/\/www.ibizaliving.net\/about\/#primaryimage","url":"https:\/\/www.ibizaliving.net\/wp-content\/uploads\/2019\/11\/featured-about1200x628-1.jpg","contentUrl":"https:\/\/www.ibizaliving.net\/wp-content\/uploads\/2019\/11\/featured-about1200x628-1.jpg","width":1200,"height":628},{"@type":"BreadcrumbList","@id":"https:\/\/www.ibizaliving.net\/about\/#breadcrumb","itemListElement":[{"@type":"ListItem","position":1,"name":"Home","item":"https:\/\/www.ibizaliving.net\/es\/"},{"@type":"ListItem","position":2,"name":"SOBRE NOSOTROS"}]},{"@type":"WebSite","@id":"https:\/\/www.ibizaliving.net\/#website","url":"https:\/\/www.ibizaliving.net\/","name":"IBIZALIVING Natural Lifestyle Architects Firm in IBIZA Spain","description":"Nature is our home","publisher":{"@id":"https:\/\/www.ibizaliving.net\/#organization"},"potentialAction":[{"@type":"SearchAction","target":{"@type":"EntryPoint","urlTemplate":"https:\/\/www.ibizaliving.net\/?s={search_term_string}"},"query-input":{"@type":"PropertyValueSpecification","valueRequired":true,"valueName":"search_term_string"}}],"inLanguage":"es"},{"@type":"Organization","@id":"https:\/\/www.ibizaliving.net\/#organization","name":"IBIZALIVING","url":"https:\/\/www.ibizaliving.net\/","logo":{"@type":"ImageObject","inLanguage":"es","@id":"https:\/\/www.ibizaliving.net\/#\/schema\/logo\/image\/","url":"https:\/\/www.ibizaliving.net\/wp-content\/uploads\/2019\/11\/Logo-Ibizaliving-300-2.png","contentUrl":"https:\/\/www.ibizaliving.net\/wp-content\/uploads\/2019\/11\/Logo-Ibizaliving-300-2.png","width":300,"height":130,"caption":"IBIZALIVING"},"image":{"@id":"https:\/\/www.ibizaliving.net\/#\/schema\/logo\/image\/"}}]}},"_links":{"self":[{"href":"https:\/\/www.ibizaliving.net\/es\/wp-json\/wp\/v2\/pages\/9430","targetHints":{"allow":["GET"]}}],"collection":[{"href":"https:\/\/www.ibizaliving.net\/es\/wp-json\/wp\/v2\/pages"}],"about":[{"href":"https:\/\/www.ibizaliving.net\/es\/wp-json\/wp\/v2\/types\/page"}],"author":[{"embeddable":true,"href":"https:\/\/www.ibizaliving.net\/es\/wp-json\/wp\/v2\/users\/9"}],"replies":[{"embeddable":true,"href":"https:\/\/www.ibizaliving.net\/es\/wp-json\/wp\/v2\/comments?post=9430"}],"version-history":[{"count":8,"href":"https:\/\/www.ibizaliving.net\/es\/wp-json\/wp\/v2\/pages\/9430\/revisions"}],"predecessor-version":[{"id":9626,"href":"https:\/\/www.ibizaliving.net\/es\/wp-json\/wp\/v2\/pages\/9430\/revisions\/9626"}],"wp:featuredmedia":[{"embeddable":true,"href":"https:\/\/www.ibizaliving.net\/es\/wp-json\/wp\/v2\/media\/9031"}],"wp:attachment":[{"href":"https:\/\/www.ibizaliving.net\/es\/wp-json\/wp\/v2\/media?parent=9430"}],"curies":[{"name":"wp","href":"https:\/\/api.w.org\/{rel}","templated":true}]}}