{"id":9418,"date":"2022-01-17T11:31:47","date_gmt":"2022-01-17T10:31:47","guid":{"rendered":"https:\/\/www.ibizaliving.net\/gestion-de-la-casa\/"},"modified":"2023-11-21T08:51:43","modified_gmt":"2023-11-21T07:51:43","slug":"gestion-de-la-casa","status":"publish","type":"page","link":"https:\/\/www.ibizaliving.net\/es\/gestion-de-la-casa\/","title":{"rendered":"GESTI\u00d3N DE LA CASA"},"content":{"rendered":"<div class=\"wpb-content-wrapper\"><p>[vc_row content_placement=\u00bbtop\u00bb css_animation=\u00bbfadeIn\u00bb css=\u00bb.vc_custom_1573928313567{margin-top: 120px !important;}\u00bb][vc_column][vc_single_image image=\u00bb7542&#8243; img_size=\u00bbfull\u00bb css_animation=\u00bbfadeIn\u00bb][\/vc_column][\/vc_row][vc_row css=\u00bb.vc_custom_1573930152782{margin-bottom: 30px !important;}\u00bb][vc_column][vc_column_text css=\u00bb.vc_custom_1642415421845{margin-right: 40px !important;margin-left: 40px !important;}\u00bb]<\/p>\n<h4 style=\"text-align: center;\">AGUA MATERIA FLUIDA, FLUYENTE, SIN FORMA<\/h4>\n<p>&nbsp;<\/p>\n<p>&nbsp;<\/p>\n<p style=\"text-align: center;\"><strong>Gesti\u00f3n de la casa IBIZALIVING:<em> <span class=\"JsGRdQ\">Un servicio de atenci\u00f3n al cliente \u00fanico.<\/span><\/em><\/strong><\/p>\n<p>&nbsp;<\/p>\n<h4 style=\"text-align: center;\"><\/h4>\n<p>[\/vc_column_text][\/vc_column][\/vc_row][vc_row css=\u00bb.vc_custom_1573930152782{margin-bottom: 30px !important;}\u00bb][vc_column][\/vc_column][\/vc_row][vc_row css=\u00bb.vc_custom_1573930866725{margin-top: 30px !important;}\u00bb][vc_column width=\u00bb1\/2&#8243;][vc_single_image image=\u00bb7519&#8243; img_size=\u00bbMEDIUM\u00bb alignment=\u00bbcenter\u00bb css_animation=\u00bbfadeIn\u00bb][\/vc_column][vc_column css_animation=\u00bbfadeIn\u00bb width=\u00bb1\/2&#8243; css=\u00bb.vc_custom_1573930880840{padding-top: 25px !important;padding-right: 40px !important;padding-left: 40px !important;}\u00bb]<div class=\"edgtf-section-title-holder  edgtf-st-standard  edgtf-st-position-left edgtf-appear-fx\" >\n\t\t<div class=\"edgtf-st-inner\">\n                    <div class=\"edgtf-st-title-holder\">\n                <h2 class=\"edgtf-st-title\" >\n                    EXPERTOS<br \/> EN EL HOGAR                <\/h2>\n            <\/div>\n\t\t\t\t\t<\/div>\n    <\/div>[vc_column_text]<span class=\"JsGRdQ\">Sabemos de construcci\u00f3n, compraventa, alquiler de viviendas, reformas, mantenimiento y decoraci\u00f3n. La organizaci\u00f3n es nuestro punto fuerte.<\/span>[\/vc_column_text][\/vc_column][\/vc_row][vc_row css=\u00bb.vc_custom_1573930968192{margin-top: 30px !important;margin-bottom: 30px !important;}\u00bb][vc_column width=\u00bb1\/2&#8243; css=\u00bb.vc_custom_1573930437762{padding-top: 25px !important;padding-bottom: 25px !important;}\u00bb][vc_single_image image=\u00bb7520&#8243; img_size=\u00bbMEDIUM\u00bb alignment=\u00bbcenter\u00bb css_animation=\u00bbfadeIn\u00bb][\/vc_column][vc_column css_animation=\u00bbfadeIn\u00bb width=\u00bb1\/2&#8243; css=\u00bb.vc_custom_1573931011892{padding-top: 25px !important;padding-right: 40px !important;padding-left: 40px !important;}\u00bb]<div class=\"edgtf-section-title-holder  edgtf-st-standard  edgtf-st-position-left edgtf-appear-fx\" >\n\t\t<div class=\"edgtf-st-inner\">\n                    <div class=\"edgtf-st-title-holder\">\n                <h2 class=\"edgtf-st-title\" >\n                    ESPECIALISTAS<br \/> EN SERVICIOS DE LUJO                <\/h2>\n            <\/div>\n\t\t\t\t\t<\/div>\n    <\/div>[vc_column_text css_animation=\u00bbfadeIn\u00bb]<span class=\"JsGRdQ\">Conocemos las necesidades que pueda tener y c\u00f3mo resolverlas, con atenci\u00f3n al detalle y un entorno de lujo, en su hogar.<\/span>[\/vc_column_text][\/vc_column][\/vc_row][vc_row css=\u00bb.vc_custom_1573930989992{margin-top: 30px !important;margin-bottom: 30px !important;}\u00bb][vc_column width=\u00bb1\/2&#8243; css=\u00bb.vc_custom_1573930453349{padding-top: 25px !important;padding-bottom: 25px !important;}\u00bb][vc_single_image image=\u00bb7521&#8243; img_size=\u00bbMEDIUM\u00bb alignment=\u00bbcenter\u00bb css_animation=\u00bbfadeIn\u00bb][\/vc_column][vc_column css_animation=\u00bbfadeIn\u00bb width=\u00bb1\/2&#8243; css=\u00bb.vc_custom_1573930996581{padding-top: 40px !important;padding-right: 40px !important;padding-left: 40px !important;}\u00bb]<div class=\"edgtf-section-title-holder  edgtf-st-standard  edgtf-st-position-left edgtf-appear-fx\" >\n\t\t<div class=\"edgtf-st-inner\">\n                    <div class=\"edgtf-st-title-holder\">\n                <h2 class=\"edgtf-st-title\" >\n                    NATIVOS<br \/> DE IBIZA                <\/h2>\n            <\/div>\n\t\t\t\t\t<\/div>\n    <\/div>[vc_column_text css_animation=\u00bbfadeIn\u00bb]<span class=\"JsGRdQ\">Conocemos a la perfecci\u00f3n las empresas, profesionales e instituciones de Ibiza. Los contactos son nuestro superpoder.<\/span>[\/vc_column_text][\/vc_column][\/vc_row][vc_row][vc_column][vc_column_text]<\/p>\n<p style=\"text-align: center;\"><span class=\"JsGRdQ\"><strong>Gesti\u00f3n de casas:<\/strong> preparaci\u00f3n y puesta a punto de las villas previas a la estancia<\/span><\/p>\n<p style=\"text-align: center;\"><span class=\"JsGRdQ\"><strong>Mayordom\u00eda<\/strong>: Cuidado completo dentro de la casa durante la estancia vacacional; limpieza, compras, atenci\u00f3n personalizada.<\/span><\/p>\n<p style=\"text-align: center;\"><span class=\"JsGRdQ\"><strong>Asistente personal<\/strong>: Gesti\u00f3n de tareas personales como viajes, gestiones varias (Ibi, recogida de basuras, correspondencia, documentaci\u00f3n, burocracia espa\u00f1ola, etc.).<\/span><\/p>\n<p style=\"text-align: center;\"><span class=\"JsGRdQ\"><strong>Gesti\u00f3n de proyectos<\/strong>: Renovaciones, reparaciones y mantenimiento de las villas durante todo el a\u00f1o.<\/span><\/p>\n<p style=\"text-align: center;\"><span class=\"JsGRdQ\"><strong>Conserjer\u00eda<\/strong>: Atenci\u00f3n integral durante su estancia en la isla; reservas, traslados, excursiones, etc.<\/span><\/p>\n<p style=\"text-align: center;\"><strong> <span class=\"JsGRdQ\">Gesti\u00f3n de eventos y catering<\/span> <\/strong>: <span class=\"JsGRdQ\">Organizador de eventos tanto para lugares al aire libre como para villas; bodas y cualquier evento privado<\/span><\/p>\n<p style=\"text-align: center;\"><span class=\"JsGRdQ\"><strong>Emergencias<\/strong>: Servicio de contingencias durante todo el a\u00f1o.<\/span><\/p>\n<p>&nbsp;<\/p>\n<h4 style=\"text-align: center;\"><span class=\"JsGRdQ\">UN SERVICIO 5* EN SU HOGAR<\/span><\/h4>\n<p>&nbsp;<\/p>\n<p style=\"text-align: center;\"><span class=\"JsGRdQ\">Su persona de confianza en Ibiza, p\u00eddanos lo que necesite:<\/span><\/p>\n<p>[\/vc_column_text][\/vc_column][\/vc_row][vc_row][vc_column width=\u00bb1\/6&#8243;][\/vc_column][vc_column width=\u00bb1\/3&#8243;][vc_column_text]<\/p>\n<p class=\"_04xlpA direction-ltr align-start para-style-body\" style=\"text-align: center;\"><span class=\"JsGRdQ\">Ni\u00f1era<\/span><\/p>\n<p class=\"_04xlpA direction-ltr align-start para-style-body\" style=\"text-align: center;\"><span class=\"JsGRdQ\">Alquiler de art\u00edculos para beb\u00e9s<\/span><\/p>\n<p class=\"_04xlpA direction-ltr align-start para-style-body\" style=\"text-align: center;\"><span class=\"JsGRdQ\">Traslados y veh\u00edculos privados<\/span><\/p>\n<p class=\"_04xlpA direction-ltr align-start para-style-body\" style=\"text-align: center;\"><span class=\"JsGRdQ\">Cuidado del veh\u00edculo<\/span><\/p>\n<p class=\"_04xlpA direction-ltr align-start para-style-body\" style=\"text-align: center;\"><span class=\"JsGRdQ\">Ir de compras<\/span><\/p>\n<p class=\"_04xlpA direction-ltr align-start para-style-body\" style=\"text-align: center;\"><span class=\"JsGRdQ\">Decoraci\u00f3n<\/span><\/p>\n<p class=\"_04xlpA direction-ltr align-start para-style-body\" style=\"text-align: center;\"><span class=\"JsGRdQ\">Viajar<\/span><\/p>\n<p class=\"_04xlpA direction-ltr align-start para-style-body\" style=\"text-align: center;\"><span class=\"JsGRdQ\">Servicio de reservas en restaurantes y entrega de comida a domicilio<\/span><\/p>\n<p class=\"_04xlpA direction-ltr align-start para-style-body\" style=\"text-align: center;\"><span class=\"JsGRdQ\">Catering a domicilio, Servicios de chef y camarero<\/span><\/p>\n<p style=\"text-align: center;\"><span class=\"JsGRdQ\">Est\u00e9tica, moda<\/span><\/p>\n<p>[\/vc_column_text][\/vc_column][vc_column width=\u00bb1\/3&#8243;][vc_column_text]<\/p>\n<p class=\"_04xlpA direction-ltr align-start para-style-body\" style=\"text-align: center;\"><span class=\"JsGRdQ\">Servicios de seguridad<\/span><\/p>\n<p class=\"_04xlpA direction-ltr align-start para-style-body\" style=\"text-align: center;\"><span class=\"JsGRdQ\">Alquiler de barcos<\/span><\/p>\n<p class=\"_04xlpA direction-ltr align-start para-style-body\" style=\"text-align: center;\"><span class=\"JsGRdQ\">Eventos y catering<\/span><\/p>\n<p class=\"_04xlpA direction-ltr align-start para-style-body\" style=\"text-align: center;\"><span class=\"JsGRdQ\">Papeleo diverso<\/span><\/p>\n<p class=\"_04xlpA direction-ltr align-start para-style-body\" style=\"text-align: center;\"><span class=\"JsGRdQ\">Preparaci\u00f3n de la casa<\/span><\/p>\n<p class=\"_04xlpA direction-ltr align-start para-style-body\" style=\"text-align: center;\"><span class=\"JsGRdQ\">Mantenimiento<\/span><\/p>\n<p class=\"_04xlpA direction-ltr align-start para-style-body\" style=\"text-align: center;\"><span class=\"JsGRdQ\">Cuidado del jard\u00edn y la piscina<\/span><\/p>\n<p class=\"_04xlpA direction-ltr align-start para-style-body\" style=\"text-align: center;\"><span class=\"JsGRdQ\">Reparaciones<\/span><\/p>\n<p class=\"_04xlpA direction-ltr align-start para-style-body\" style=\"text-align: center;\"><span class=\"JsGRdQ\">Supervisi\u00f3n de obras y mejoras<\/span><\/p>\n<p class=\"_04xlpA direction-ltr align-start para-style-body\" style=\"text-align: center;\"><span class=\"JsGRdQ\">Compra, venta y alquiler de inmuebles, intermediaci\u00f3n, apoyo y gesti\u00f3n<\/span><\/p>\n<p>[\/vc_column_text][\/vc_column][vc_column width=\u00bb1\/6&#8243;][\/vc_column][\/vc_row][vc_row][vc_column][vc_empty_space height=\u00bb30px\u00bb][vc_column_text]<\/p>\n<p style=\"text-align: center;\"><strong>P\u00f3ngase en contacto con nosotros:<\/strong><\/p>\n<p style=\"text-align: center;\">+34 678 701 807<\/p>\n<p style=\"text-align: center;\"><a href=\"mailto:housemanagement@ibizaliving.net\">housemanagement@ibizaliving.net<\/a><\/p>\n<p>[\/vc_column_text][\/vc_column][\/vc_row][vc_row full_width=\u00bbstretch_row_content\u00bb content_placement=\u00bbmiddle\u00bb css=\u00bb.vc_custom_1643106261730{background-color: #c0a062 !important;}\u00bb][vc_column]\n<div class=\"wpcf7 no-js\" id=\"wpcf7-f9577-o1\" lang=\"en-GB\" dir=\"ltr\" data-wpcf7-id=\"9577\">\n<div class=\"screen-reader-response\"><p role=\"status\" aria-live=\"polite\" aria-atomic=\"true\"><\/p> <ul><\/ul><\/div>\n<form action=\"\/es\/wp-json\/wp\/v2\/pages\/9418#wpcf7-f9577-o1\" method=\"post\" class=\"wpcf7-form init\" aria-label=\"Contact form\" novalidate=\"novalidate\" data-status=\"init\">\n<fieldset class=\"hidden-fields-container\"><input type=\"hidden\" name=\"_wpcf7\" value=\"9577\" \/><input type=\"hidden\" name=\"_wpcf7_version\" value=\"6.1.5\" \/><input type=\"hidden\" name=\"_wpcf7_locale\" value=\"en_GB\" \/><input type=\"hidden\" name=\"_wpcf7_unit_tag\" value=\"wpcf7-f9577-o1\" \/><input type=\"hidden\" name=\"_wpcf7_container_post\" value=\"0\" \/><input type=\"hidden\" name=\"_wpcf7_posted_data_hash\" value=\"\" \/><input type=\"hidden\" name=\"_wpcf7_recaptcha_response\" value=\"\" \/>\n<\/fieldset>\n<h2>Cont\u00e1ctanos\n<\/h2>\n<div class=\"form-house\">\n\t<p><span class=\"wpcf7-form-control-wrap\" data-name=\"text-672\"><input size=\"40\" maxlength=\"400\" class=\"wpcf7-form-control wpcf7-text wpcf7-validates-as-required\" aria-required=\"true\" aria-invalid=\"false\" placeholder=\"Nombre\" value=\"\" type=\"text\" name=\"text-672\" \/><\/span>\n\t<\/p>\n\t<p><span class=\"wpcf7-form-control-wrap\" data-name=\"email\"><input size=\"40\" maxlength=\"400\" class=\"wpcf7-form-control wpcf7-email wpcf7-validates-as-required wpcf7-text wpcf7-validates-as-email\" aria-required=\"true\" aria-invalid=\"false\" placeholder=\"Email\" value=\"\" type=\"email\" name=\"email\" \/><\/span>\n\t<\/p>\n\t<p><span class=\"wpcf7-form-control-wrap\" data-name=\"tel-316\"><input size=\"40\" maxlength=\"400\" class=\"wpcf7-form-control wpcf7-tel wpcf7-validates-as-required wpcf7-text wpcf7-validates-as-tel\" aria-required=\"true\" aria-invalid=\"false\" placeholder=\"Tel\u00e9fono\" value=\"\" type=\"tel\" name=\"tel-316\" \/><\/span>\n\t<\/p>\n<\/div>\n<p><input class=\"wpcf7-form-control wpcf7-submit has-spinner\" type=\"submit\" value=\"ENVIAR\" \/>\n<\/p><div class=\"wpcf7-response-output\" aria-hidden=\"true\"><\/div>\n<\/form>\n<\/div>\n[\/vc_column][\/vc_row]<\/p>\n<\/div><span class=\"et_bloom_bottom_trigger\"><\/span>","protected":false},"excerpt":{"rendered":"<p> [&hellip;]<\/p>\n","protected":false},"author":10,"featured_media":9404,"parent":0,"menu_order":0,"comment_status":"closed","ping_status":"closed","template":"full-width.php","meta":{"rs_blank_template":"","rs_page_bg_color":"","slide_template_v7":"","footnotes":""},"class_list":["post-9418","page","type-page","status-publish","has-post-thumbnail","hentry"],"yoast_head":"<!-- This site is optimized with the Yoast SEO plugin v27.3 - https:\/\/yoast.com\/product\/yoast-seo-wordpress\/ -->\n<title>Gesti\u00f3n de la casa IBIZALIVING<\/title>\n<meta name=\"description\" content=\"IBIZALIVING ADMINISTRACI\u00d3N DE FINCAS. Cuidado total de su casa en Ibiza.\" \/>\n<meta name=\"robots\" content=\"index, follow, max-snippet:-1, max-image-preview:large, max-video-preview:-1\" \/>\n<link rel=\"canonical\" href=\"https:\/\/www.ibizaliving.net\/house-management\/\" \/>\n<meta property=\"og:locale\" content=\"es_ES\" \/>\n<meta property=\"og:type\" content=\"article\" \/>\n<meta property=\"og:title\" content=\"Gesti\u00f3n de la casa IBIZALIVING\" \/>\n<meta property=\"og:description\" content=\"IBIZALIVING ADMINISTRACI\u00d3N DE FINCAS. Cuidado total de su casa en Ibiza.\" \/>\n<meta property=\"og:url\" content=\"https:\/\/www.ibizaliving.net\/house-management\/\" \/>\n<meta property=\"og:site_name\" content=\"IBIZALIVING Natural Lifestyle Architects Firm in IBIZA Spain\" \/>\n<meta property=\"article:modified_time\" content=\"2023-11-21T07:51:43+00:00\" \/>\n<meta property=\"og:image\" content=\"https:\/\/www.ibizaliving.net\/wp-content\/uploads\/2022\/01\/WATER-2-3.jpg\" \/>\n\t<meta property=\"og:image:width\" content=\"2369\" \/>\n\t<meta property=\"og:image:height\" content=\"1270\" \/>\n\t<meta property=\"og:image:type\" content=\"image\/jpeg\" \/>\n<meta name=\"twitter:card\" content=\"summary_large_image\" \/>\n<meta name=\"twitter:label1\" content=\"Tiempo de lectura\" \/>\n\t<meta name=\"twitter:data1\" content=\"2 minutos\" \/>\n<script type=\"application\/ld+json\" class=\"yoast-schema-graph\">{\"@context\":\"https:\\\/\\\/schema.org\",\"@graph\":[{\"@type\":\"WebPage\",\"@id\":\"https:\\\/\\\/www.ibizaliving.net\\\/house-management\\\/\",\"url\":\"https:\\\/\\\/www.ibizaliving.net\\\/house-management\\\/\",\"name\":\"Gesti\u00f3n de la casa IBIZALIVING\",\"isPartOf\":{\"@id\":\"https:\\\/\\\/www.ibizaliving.net\\\/#website\"},\"primaryImageOfPage\":{\"@id\":\"https:\\\/\\\/www.ibizaliving.net\\\/house-management\\\/#primaryimage\"},\"image\":{\"@id\":\"https:\\\/\\\/www.ibizaliving.net\\\/house-management\\\/#primaryimage\"},\"thumbnailUrl\":\"https:\\\/\\\/www.ibizaliving.net\\\/wp-content\\\/uploads\\\/2022\\\/01\\\/WATER-2-3.jpg\",\"datePublished\":\"2022-01-17T10:31:47+00:00\",\"dateModified\":\"2023-11-21T07:51:43+00:00\",\"description\":\"IBIZALIVING ADMINISTRACI\u00d3N DE FINCAS. Cuidado total de su casa en Ibiza.\",\"breadcrumb\":{\"@id\":\"https:\\\/\\\/www.ibizaliving.net\\\/house-management\\\/#breadcrumb\"},\"inLanguage\":\"es\",\"potentialAction\":[{\"@type\":\"ReadAction\",\"target\":[\"https:\\\/\\\/www.ibizaliving.net\\\/house-management\\\/\"]}]},{\"@type\":\"ImageObject\",\"inLanguage\":\"es\",\"@id\":\"https:\\\/\\\/www.ibizaliving.net\\\/house-management\\\/#primaryimage\",\"url\":\"https:\\\/\\\/www.ibizaliving.net\\\/wp-content\\\/uploads\\\/2022\\\/01\\\/WATER-2-3.jpg\",\"contentUrl\":\"https:\\\/\\\/www.ibizaliving.net\\\/wp-content\\\/uploads\\\/2022\\\/01\\\/WATER-2-3.jpg\",\"width\":2369,\"height\":1270},{\"@type\":\"BreadcrumbList\",\"@id\":\"https:\\\/\\\/www.ibizaliving.net\\\/house-management\\\/#breadcrumb\",\"itemListElement\":[{\"@type\":\"ListItem\",\"position\":1,\"name\":\"Home\",\"item\":\"https:\\\/\\\/www.ibizaliving.net\\\/es\\\/\"},{\"@type\":\"ListItem\",\"position\":2,\"name\":\"GESTI\u00d3N DE LA CASA\"}]},{\"@type\":\"WebSite\",\"@id\":\"https:\\\/\\\/www.ibizaliving.net\\\/#website\",\"url\":\"https:\\\/\\\/www.ibizaliving.net\\\/\",\"name\":\"IBIZALIVING Natural Lifestyle Architects Firm in IBIZA Spain\",\"description\":\"Nature is our home\",\"publisher\":{\"@id\":\"https:\\\/\\\/www.ibizaliving.net\\\/#organization\"},\"potentialAction\":[{\"@type\":\"SearchAction\",\"target\":{\"@type\":\"EntryPoint\",\"urlTemplate\":\"https:\\\/\\\/www.ibizaliving.net\\\/?s={search_term_string}\"},\"query-input\":{\"@type\":\"PropertyValueSpecification\",\"valueRequired\":true,\"valueName\":\"search_term_string\"}}],\"inLanguage\":\"es\"},{\"@type\":\"Organization\",\"@id\":\"https:\\\/\\\/www.ibizaliving.net\\\/#organization\",\"name\":\"IBIZALIVING\",\"url\":\"https:\\\/\\\/www.ibizaliving.net\\\/\",\"logo\":{\"@type\":\"ImageObject\",\"inLanguage\":\"es\",\"@id\":\"https:\\\/\\\/www.ibizaliving.net\\\/#\\\/schema\\\/logo\\\/image\\\/\",\"url\":\"https:\\\/\\\/www.ibizaliving.net\\\/wp-content\\\/uploads\\\/2019\\\/11\\\/Logo-Ibizaliving-300-2.png\",\"contentUrl\":\"https:\\\/\\\/www.ibizaliving.net\\\/wp-content\\\/uploads\\\/2019\\\/11\\\/Logo-Ibizaliving-300-2.png\",\"width\":300,\"height\":130,\"caption\":\"IBIZALIVING\"},\"image\":{\"@id\":\"https:\\\/\\\/www.ibizaliving.net\\\/#\\\/schema\\\/logo\\\/image\\\/\"}}]}<\/script>\n<!-- \/ Yoast SEO plugin. -->","yoast_head_json":{"title":"Gesti\u00f3n de la casa IBIZALIVING","description":"IBIZALIVING ADMINISTRACI\u00d3N DE FINCAS. Cuidado total de su casa en Ibiza.","robots":{"index":"index","follow":"follow","max-snippet":"max-snippet:-1","max-image-preview":"max-image-preview:large","max-video-preview":"max-video-preview:-1"},"canonical":"https:\/\/www.ibizaliving.net\/house-management\/","og_locale":"es_ES","og_type":"article","og_title":"Gesti\u00f3n de la casa IBIZALIVING","og_description":"IBIZALIVING ADMINISTRACI\u00d3N DE FINCAS. Cuidado total de su casa en Ibiza.","og_url":"https:\/\/www.ibizaliving.net\/house-management\/","og_site_name":"IBIZALIVING Natural Lifestyle Architects Firm in IBIZA Spain","article_modified_time":"2023-11-21T07:51:43+00:00","og_image":[{"width":2369,"height":1270,"url":"https:\/\/www.ibizaliving.net\/wp-content\/uploads\/2022\/01\/WATER-2-3.jpg","type":"image\/jpeg"}],"twitter_card":"summary_large_image","twitter_misc":{"Tiempo de lectura":"2 minutos"},"schema":{"@context":"https:\/\/schema.org","@graph":[{"@type":"WebPage","@id":"https:\/\/www.ibizaliving.net\/house-management\/","url":"https:\/\/www.ibizaliving.net\/house-management\/","name":"Gesti\u00f3n de la casa IBIZALIVING","isPartOf":{"@id":"https:\/\/www.ibizaliving.net\/#website"},"primaryImageOfPage":{"@id":"https:\/\/www.ibizaliving.net\/house-management\/#primaryimage"},"image":{"@id":"https:\/\/www.ibizaliving.net\/house-management\/#primaryimage"},"thumbnailUrl":"https:\/\/www.ibizaliving.net\/wp-content\/uploads\/2022\/01\/WATER-2-3.jpg","datePublished":"2022-01-17T10:31:47+00:00","dateModified":"2023-11-21T07:51:43+00:00","description":"IBIZALIVING ADMINISTRACI\u00d3N DE FINCAS. Cuidado total de su casa en Ibiza.","breadcrumb":{"@id":"https:\/\/www.ibizaliving.net\/house-management\/#breadcrumb"},"inLanguage":"es","potentialAction":[{"@type":"ReadAction","target":["https:\/\/www.ibizaliving.net\/house-management\/"]}]},{"@type":"ImageObject","inLanguage":"es","@id":"https:\/\/www.ibizaliving.net\/house-management\/#primaryimage","url":"https:\/\/www.ibizaliving.net\/wp-content\/uploads\/2022\/01\/WATER-2-3.jpg","contentUrl":"https:\/\/www.ibizaliving.net\/wp-content\/uploads\/2022\/01\/WATER-2-3.jpg","width":2369,"height":1270},{"@type":"BreadcrumbList","@id":"https:\/\/www.ibizaliving.net\/house-management\/#breadcrumb","itemListElement":[{"@type":"ListItem","position":1,"name":"Home","item":"https:\/\/www.ibizaliving.net\/es\/"},{"@type":"ListItem","position":2,"name":"GESTI\u00d3N DE LA CASA"}]},{"@type":"WebSite","@id":"https:\/\/www.ibizaliving.net\/#website","url":"https:\/\/www.ibizaliving.net\/","name":"IBIZALIVING Natural Lifestyle Architects Firm in IBIZA Spain","description":"Nature is our home","publisher":{"@id":"https:\/\/www.ibizaliving.net\/#organization"},"potentialAction":[{"@type":"SearchAction","target":{"@type":"EntryPoint","urlTemplate":"https:\/\/www.ibizaliving.net\/?s={search_term_string}"},"query-input":{"@type":"PropertyValueSpecification","valueRequired":true,"valueName":"search_term_string"}}],"inLanguage":"es"},{"@type":"Organization","@id":"https:\/\/www.ibizaliving.net\/#organization","name":"IBIZALIVING","url":"https:\/\/www.ibizaliving.net\/","logo":{"@type":"ImageObject","inLanguage":"es","@id":"https:\/\/www.ibizaliving.net\/#\/schema\/logo\/image\/","url":"https:\/\/www.ibizaliving.net\/wp-content\/uploads\/2019\/11\/Logo-Ibizaliving-300-2.png","contentUrl":"https:\/\/www.ibizaliving.net\/wp-content\/uploads\/2019\/11\/Logo-Ibizaliving-300-2.png","width":300,"height":130,"caption":"IBIZALIVING"},"image":{"@id":"https:\/\/www.ibizaliving.net\/#\/schema\/logo\/image\/"}}]}},"_links":{"self":[{"href":"https:\/\/www.ibizaliving.net\/es\/wp-json\/wp\/v2\/pages\/9418","targetHints":{"allow":["GET"]}}],"collection":[{"href":"https:\/\/www.ibizaliving.net\/es\/wp-json\/wp\/v2\/pages"}],"about":[{"href":"https:\/\/www.ibizaliving.net\/es\/wp-json\/wp\/v2\/types\/page"}],"author":[{"embeddable":true,"href":"https:\/\/www.ibizaliving.net\/es\/wp-json\/wp\/v2\/users\/10"}],"replies":[{"embeddable":true,"href":"https:\/\/www.ibizaliving.net\/es\/wp-json\/wp\/v2\/comments?post=9418"}],"version-history":[{"count":7,"href":"https:\/\/www.ibizaliving.net\/es\/wp-json\/wp\/v2\/pages\/9418\/revisions"}],"predecessor-version":[{"id":9642,"href":"https:\/\/www.ibizaliving.net\/es\/wp-json\/wp\/v2\/pages\/9418\/revisions\/9642"}],"wp:featuredmedia":[{"embeddable":true,"href":"https:\/\/www.ibizaliving.net\/es\/wp-json\/wp\/v2\/media\/9404"}],"wp:attachment":[{"href":"https:\/\/www.ibizaliving.net\/es\/wp-json\/wp\/v2\/media?parent=9418"}],"curies":[{"name":"wp","href":"https:\/\/api.w.org\/{rel}","templated":true}]}}